{"id":3841,"date":"2025-02-04T05:26:06","date_gmt":"2025-02-04T05:26:06","guid":{"rendered":"https:\/\/alivira.com.br\/privacy-policy\/"},"modified":"2025-02-05T04:56:25","modified_gmt":"2025-02-05T04:56:25","slug":"privacy-policy","status":"publish","type":"page","link":"https:\/\/alivira.com.br\/en\/privacy-policy\/","title":{"rendered":"Privacy Policy"},"content":{"rendered":"\t\t<div data-elementor-type=\"wp-page\" data-elementor-id=\"3841\" class=\"elementor elementor-3841 elementor-3804\" data-elementor-post-type=\"page\">\n\t\t\t\t<div class=\"elementor-element elementor-element-8cc1057 e-con-full e-flex e-con e-parent\" data-id=\"8cc1057\" data-element_type=\"container\" data-settings=\"{&quot;background_background&quot;:&quot;gradient&quot;}\">\n\t\t<div class=\"elementor-element elementor-element-4092a2a e-con-full e-flex e-con e-child\" data-id=\"4092a2a\" data-element_type=\"container\">\n\t\t\t\t<div class=\"elementor-element elementor-element-54a9d53 elementor-widget elementor-widget-heading\" data-id=\"54a9d53\" data-element_type=\"widget\" data-widget_type=\"heading.default\">\n\t\t\t\t\t<h1 class=\"elementor-heading-title elementor-size-default\">Privacy<span class=\"gradient-text\"> Policy<\/span><\/h1>\t\t\t\t<\/div>\n\t\t\t\t<\/div>\n\t\t<div class=\"elementor-element elementor-element-f4f17b9 e-con-full elementor-hidden-mobile e-flex e-con e-child\" data-id=\"f4f17b9\" data-element_type=\"container\" data-settings=\"{&quot;background_background&quot;:&quot;classic&quot;}\">\n\t\t\t\t<\/div>\n\t\t\t\t<\/div>\n\t\t<div class=\"elementor-element elementor-element-7c079f5 e-flex e-con-boxed e-con e-parent\" data-id=\"7c079f5\" data-element_type=\"container\">\n\t\t\t\t\t<div class=\"e-con-inner\">\n\t\t\t\t<div class=\"elementor-element elementor-element-7351a55 elementor-widget elementor-widget-text-editor\" data-id=\"7351a55\" data-element_type=\"widget\" data-widget_type=\"text-editor.default\">\n\t\t\t\t\t\t\t\t\t<p>Alivira Sa\u00fade Animal Ltda. (Alivira Sa\u00fade Animal) established at Rua \u00c2ngelo Esteves, n\u00ba 51, enrolled with the CNPJ n\u00ba 60.371.010\/0001-65, is committed to protecting and maintaining the privacy of the personal data of its customers and users (you\/yours) who visit the website www.alivira.com.br in Portuguese, English and Spanish versions.<\/p><p>This privacy policy is intended to demonstrate in a transparent way how Alivira Sa\u00fade Animal handles personal data arising from the site. Alivira Sa\u00fade Animal emphasizes that the site has the character of being institutional, that is, only as a source of information. For the processing of personal data, Alivira Sa\u00fade Animal follows all the principles described in Law 13.709\/2018, now called General Data Protection Law: Purpose, Adequacy, Need, Free Access, Data Quality, Transparency, Security, Prevention , Non-Discrimination and Responsibility and Accountability with regard to the processing of personal data.<\/p>\t\t\t\t\t\t\t\t<\/div>\n\t\t\t\t<div class=\"elementor-element elementor-element-f9feb17 elementor-widget elementor-widget-text-editor\" data-id=\"f9feb17\" data-element_type=\"widget\" data-widget_type=\"text-editor.default\">\n\t\t\t\t\t\t\t\t\t<div style=\"font-weight: 600;\">ABOUT THE COLLECTION OF PERSONAL DATA<\/div>\n<div style=\"font-weight: 600;\"><span style=\"font-weight: 400; text-align: var(--text-align);\">Through the &#8220;Contact&#8221; page, Alivira Sa\u00fade Animal provides general contact by email (contato@alivira.com.br) or telephone +55 (19) 3757-1700 and in the case of the site in Portuguese, we provide an exclusive channel for sending of curriculum (rh@alivira.com.br). The processing of personal data by this channel is based on your consent <\/span><\/div>\n<p>The data provided by e-mail allows Alivira Sa\u00fade Animal to respond to your requests or receive your resume. Alivira Sa\u00fade Animal informs that the data is shared with third-party companies that maintain and storing information from the Alivira Sa\u00fade Animal website. The website maintenance company maintains an annual contract for the purpose of changes and updates such as inclusion and exclusion of new products, changes to texts, images and layouts, etc.  <\/p>\n<p>The company that stores the data on the website, server, is located in the United States. Its purpose is to save website data. Alivira Sa\u00fade Animal informs that such personal data will not be sold or given to third parties.  <\/p>\n<p>It also informs that the data is not used to send advertising or any action related to the sale of its products.<\/p>\n<p>Due to a legal obligation, Alivira Sa\u00fade Animal may share your personal data with companies, organizations or individuals outside of Alivira Sa\u00fade Animal, if we believe in good faith that access, use, preservation or disclosure of the information is necessary to:<\/p>\n<p>a) Comply with any applicable legislation, regulation, court order or governmental request;<\/p>\n<p>b) Comply with the applicable Terms of Use, including investigation of possible violations;<\/p>\n<p>c) Detect, prevent or otherwise deal with fraud, technical or security problems;<\/p>\n<p>d) Protect against prejudice to the rights, property or safety of our users or the public, as required or permitted by law.<\/p>\n\t\t\t\t\t\t\t\t<\/div>\n\t\t\t\t<div class=\"elementor-element elementor-element-d2eedda elementor-widget elementor-widget-text-editor\" data-id=\"d2eedda\" data-element_type=\"widget\" data-widget_type=\"text-editor.default\">\n\t\t\t\t\t\t\t\t\t<div style=\"font-weight: 600;\">USE OF COOKIES<\/div><p>Cookies are information shared between your web browser and a website. The use of cookies allows for a faster and easier user experience.<\/p><p>One of the main purposes of cookies is to provide a convenient feature to save you time. The purpose of a cookie is to inform the web server that you have returned to a specific page.<br \/>You have the possibility to accept or refuse cookies. Most web browsers automatically accept cookies, but you can usually modify your browser setting to refuse cookies if you prefer.<\/p><p>Alivira Sa\u00fade Animal uses 3 types of cookies on its website: Strictly necessary cookies<br \/>Necessary cookies help make a website suitable to be used, allowing basic functions such as page navigation and access to protect areas of the website. The website cannot function properly without these cookies.<\/p><div style=\"font-weight: 600;\">Preferred Cookies<\/div><p>Preference cookies allow a website to remember information that changes the way the website behaves or looks, such as your preferred language or the region you are in<\/p><div style=\"font-weight: 600;\">Statistical cookies<\/div><p>Statistics cookies help website owners understand how visitors interact with websites by anonymously collecting and reporting information.<\/p><p>This Cookie Policy applies to any websites, brand pages on third party platforms (such as Facebook, Instagram or Linkedin) and applications accessed or used through such websites or third-party platforms that are operated by or on behalf of Alivira Sa\u00fade Animal.<\/p>\t\t\t\t\t\t\t\t<\/div>\n\t\t\t\t<div class=\"elementor-element elementor-element-8acea4d elementor-widget elementor-widget-text-editor\" data-id=\"8acea4d\" data-element_type=\"widget\" data-widget_type=\"text-editor.default\">\n\t\t\t\t\t\t\t\t\t<div style=\"font-weight: 600;\">YOUR RIGHTS YOUR CONSENT<\/div><p>By using our website, you agree to our privacy policy. If you have any questions regarding our treatment of your personal data, you can contact us by e-mail privacidade@alivira.com.br. Under certain conditions, you have the right to demand the following from us:<\/p><p>a) Confirmation of the processing of your data<br \/>b) Access to data<br \/>c) Correction of your data<br \/>d) Delete, block or anonymize unnecessary, excessive, data belonging to you, or your data that is processed in violation of the law<br \/>e) Possibility of data portability<br \/>f) Deletion of processed data with your consent<br \/>g) Information on data sharing<br \/>h) Information about the possibility of denying consent<br \/>i) Revocation of consent<br \/>j) Request a review of decisions that affect your interests and have been taken solely on the basis of the automated processing of your personal data<\/p><p>Your exercise of these rights is subject to certain exemptions to safeguard the public interest and our interests. If you exercise any of these rights, we will review these exceptions and respond in a timely manner to your request.<\/p>\t\t\t\t\t\t\t\t<\/div>\n\t\t\t\t<div class=\"elementor-element elementor-element-c4d1b13 elementor-widget elementor-widget-text-editor\" data-id=\"c4d1b13\" data-element_type=\"widget\" data-widget_type=\"text-editor.default\">\n\t\t\t\t\t\t\t\t\t<div style=\"font-weight: 600;\">USEFUL LIFE OF DATA<\/div>\n<p>Alivira Sa\u00fade Animal will retain your personal data for as long as necessary for the processing purpose(s) for which it was collected and any other permitted linked purpose (for example, when Alivira Sa\u00fade Animal is required to retain personal data longer than the purpose for which we originally collected them, in order to comply with certain regulatory requirements)<\/p>\n\t\t\t\t\t\t\t\t<\/div>\n\t\t\t\t<div class=\"elementor-element elementor-element-b38ee7a elementor-widget elementor-widget-text-editor\" data-id=\"b38ee7a\" data-element_type=\"widget\" data-widget_type=\"text-editor.default\">\n\t\t\t\t\t\t\t\t\t<div style=\"font-weight: 600;\">INFORMATION SECURITY<\/div>\n<span style=\"text-align: var(--text-align);\">No data transmission over the Internet or website can be guaranteed to be secure from intrusion. However, we maintain commercially reasonable physical, electronic and procedural safeguards to protect your personal data in accordance with legal data protection requirements. <\/span> All information you provide to us is stored on secure servers by us or our subcontractors and accessed and used in accordance with our security policies and standards. \t\t\t\t\t\t\t\t<\/div>\n\t\t\t\t<div class=\"elementor-element elementor-element-7347f81 elementor-widget elementor-widget-text-editor\" data-id=\"7347f81\" data-element_type=\"widget\" data-widget_type=\"text-editor.default\">\n\t\t\t\t\t\t\t\t\t<div style=\"font-weight: 600;\">INTERNATIONAL TRANSFER<\/div> Alivira Sa\u00fade Animal may transfer your personal data to countries other than the one where you are located. In this case, the international transfer of personal data will be carried out to a country that provides an adequate level of personal data protection. Alivira Sa\u00fade Animal takes the measures required by law to ensure the protection of this personal data. Any problem related to privacy and data protection can be reported by e-mail privacidade@alivira.com.br. This privacy policy may be changed at any time. January 31, 2025 VER_03      <\/div>\t\t\t\t\t\t\t\t<\/div>\n\t\t\t\t\t<\/div>\n\t\t\t\t<\/div>\n\t\t\t\t<\/div>\n\t\t","protected":false},"excerpt":{"rendered":"<p>Privacy Policy Alivira Sa\u00fade Animal Ltda. (Alivira Sa\u00fade Animal) established at Rua \u00c2ngelo Esteves, n\u00ba 51, enrolled with the CNPJ n\u00ba 60.371.010\/0001-65, is committed to protecting and maintaining the privacy of the personal data of its customers and users (you\/yours) who visit the website www.alivira.com.br in Portuguese, English and Spanish versions. This privacy policy is [&hellip;]<\/p>\n","protected":false},"author":1,"featured_media":0,"parent":0,"menu_order":0,"comment_status":"closed","ping_status":"closed","template":"","meta":{"_acf_changed":false,"footnotes":""},"class_list":["post-3841","page","type-page","status-publish","hentry"],"acf":[],"yoast_head":"<!-- This site is optimized with the Yoast SEO Premium plugin v24.4 (Yoast SEO v25.9) - https:\/\/yoast.com\/wordpress\/plugins\/seo\/ -->\n<title>Privacy Policy - Alivira Brasil<\/title>\n<meta name=\"robots\" content=\"index, follow, max-snippet:-1, max-image-preview:large, max-video-preview:-1\" \/>\n<link rel=\"canonical\" href=\"https:\/\/alivira.com.br\/en\/privacy-policy\/\" \/>\n<meta property=\"og:locale\" content=\"en_US\" \/>\n<meta property=\"og:type\" content=\"article\" \/>\n<meta property=\"og:title\" content=\"Privacy Policy\" \/>\n<meta property=\"og:description\" content=\"Privacy Policy Alivira Sa\u00fade Animal Ltda. (Alivira Sa\u00fade Animal) established at Rua \u00c2ngelo Esteves, n\u00ba 51, enrolled with the CNPJ n\u00ba 60.371.010\/0001-65, is committed to protecting and maintaining the privacy of the personal data of its customers and users (you\/yours) who visit the website www.alivira.com.br in Portuguese, English and Spanish versions. This privacy policy is [&hellip;]\" \/>\n<meta property=\"og:url\" content=\"https:\/\/alivira.com.br\/en\/privacy-policy\/\" \/>\n<meta property=\"og:site_name\" content=\"Alivira Brasil\" \/>\n<meta property=\"article:publisher\" content=\"https:\/\/www.facebook.com\/alivirabrasil\/\" \/>\n<meta property=\"article:modified_time\" content=\"2025-02-05T04:56:25+00:00\" \/>\n<meta name=\"twitter:card\" content=\"summary_large_image\" \/>\n<meta name=\"twitter:label1\" content=\"Est. reading time\" \/>\n\t<meta name=\"twitter:data1\" content=\"5 minutes\" \/>\n<script type=\"application\/ld+json\" class=\"yoast-schema-graph\">{\"@context\":\"https:\/\/schema.org\",\"@graph\":[{\"@type\":\"WebPage\",\"@id\":\"https:\/\/alivira.com.br\/en\/privacy-policy\/\",\"url\":\"https:\/\/alivira.com.br\/en\/privacy-policy\/\",\"name\":\"Privacy Policy - Alivira Brasil\",\"isPartOf\":{\"@id\":\"https:\/\/alivira.com.br\/#website\"},\"datePublished\":\"2025-02-04T05:26:06+00:00\",\"dateModified\":\"2025-02-05T04:56:25+00:00\",\"breadcrumb\":{\"@id\":\"https:\/\/alivira.com.br\/en\/privacy-policy\/#breadcrumb\"},\"inLanguage\":\"en-US\",\"potentialAction\":[{\"@type\":\"ReadAction\",\"target\":[\"https:\/\/alivira.com.br\/en\/privacy-policy\/\"]}]},{\"@type\":\"BreadcrumbList\",\"@id\":\"https:\/\/alivira.com.br\/en\/privacy-policy\/#breadcrumb\",\"itemListElement\":[{\"@type\":\"ListItem\",\"position\":1,\"name\":\"Home\",\"item\":\"https:\/\/alivira.com.br\/en\/\"},{\"@type\":\"ListItem\",\"position\":2,\"name\":\"Privacy Policy\"}]},{\"@type\":\"WebSite\",\"@id\":\"https:\/\/alivira.com.br\/#website\",\"url\":\"https:\/\/alivira.com.br\/\",\"name\":\"Alivira Brazil\",\"description\":\"\",\"publisher\":{\"@id\":\"https:\/\/alivira.com.br\/#organization\"},\"potentialAction\":[{\"@type\":\"SearchAction\",\"target\":{\"@type\":\"EntryPoint\",\"urlTemplate\":\"https:\/\/alivira.com.br\/?s={search_term_string}\"},\"query-input\":{\"@type\":\"PropertyValueSpecification\",\"valueRequired\":true,\"valueName\":\"search_term_string\"}}],\"inLanguage\":\"en-US\"},{\"@type\":\"Organization\",\"@id\":\"https:\/\/alivira.com.br\/#organization\",\"name\":\"Alivira Brazil\",\"alternateName\":\"Alivira\",\"url\":\"https:\/\/alivira.com.br\/\",\"logo\":{\"@type\":\"ImageObject\",\"inLanguage\":\"en-US\",\"@id\":\"https:\/\/alivira.com.br\/#\/schema\/logo\/image\/\",\"url\":\"https:\/\/alivira.com.br\/wp-content\/uploads\/2025\/01\/Alivira-logo-4-1.png\",\"contentUrl\":\"https:\/\/alivira.com.br\/wp-content\/uploads\/2025\/01\/Alivira-logo-4-1.png\",\"width\":212,\"height\":244,\"caption\":\"Alivira Brazil\"},\"image\":{\"@id\":\"https:\/\/alivira.com.br\/#\/schema\/logo\/image\/\"},\"sameAs\":[\"https:\/\/www.facebook.com\/alivirabrasil\/\",\"https:\/\/www.instagram.com\/alivirabrasil\/\",\"https:\/\/br.linkedin.com\/company\/alivirabrasil\"]}]}<\/script>\n<!-- \/ Yoast SEO Premium plugin. -->","yoast_head_json":{"title":"Privacy Policy - Alivira Brasil","robots":{"index":"index","follow":"follow","max-snippet":"max-snippet:-1","max-image-preview":"max-image-preview:large","max-video-preview":"max-video-preview:-1"},"canonical":"https:\/\/alivira.com.br\/en\/privacy-policy\/","og_locale":"en_US","og_type":"article","og_title":"Privacy Policy","og_description":"Privacy Policy Alivira Sa\u00fade Animal Ltda. (Alivira Sa\u00fade Animal) established at Rua \u00c2ngelo Esteves, n\u00ba 51, enrolled with the CNPJ n\u00ba 60.371.010\/0001-65, is committed to protecting and maintaining the privacy of the personal data of its customers and users (you\/yours) who visit the website www.alivira.com.br in Portuguese, English and Spanish versions. This privacy policy is [&hellip;]","og_url":"https:\/\/alivira.com.br\/en\/privacy-policy\/","og_site_name":"Alivira Brasil","article_publisher":"https:\/\/www.facebook.com\/alivirabrasil\/","article_modified_time":"2025-02-05T04:56:25+00:00","twitter_card":"summary_large_image","twitter_misc":{"Est. reading time":"5 minutes"},"schema":{"@context":"https:\/\/schema.org","@graph":[{"@type":"WebPage","@id":"https:\/\/alivira.com.br\/en\/privacy-policy\/","url":"https:\/\/alivira.com.br\/en\/privacy-policy\/","name":"Privacy Policy - Alivira Brasil","isPartOf":{"@id":"https:\/\/alivira.com.br\/#website"},"datePublished":"2025-02-04T05:26:06+00:00","dateModified":"2025-02-05T04:56:25+00:00","breadcrumb":{"@id":"https:\/\/alivira.com.br\/en\/privacy-policy\/#breadcrumb"},"inLanguage":"en-US","potentialAction":[{"@type":"ReadAction","target":["https:\/\/alivira.com.br\/en\/privacy-policy\/"]}]},{"@type":"BreadcrumbList","@id":"https:\/\/alivira.com.br\/en\/privacy-policy\/#breadcrumb","itemListElement":[{"@type":"ListItem","position":1,"name":"Home","item":"https:\/\/alivira.com.br\/en\/"},{"@type":"ListItem","position":2,"name":"Privacy Policy"}]},{"@type":"WebSite","@id":"https:\/\/alivira.com.br\/#website","url":"https:\/\/alivira.com.br\/","name":"Alivira Brazil","description":"","publisher":{"@id":"https:\/\/alivira.com.br\/#organization"},"potentialAction":[{"@type":"SearchAction","target":{"@type":"EntryPoint","urlTemplate":"https:\/\/alivira.com.br\/?s={search_term_string}"},"query-input":{"@type":"PropertyValueSpecification","valueRequired":true,"valueName":"search_term_string"}}],"inLanguage":"en-US"},{"@type":"Organization","@id":"https:\/\/alivira.com.br\/#organization","name":"Alivira Brazil","alternateName":"Alivira","url":"https:\/\/alivira.com.br\/","logo":{"@type":"ImageObject","inLanguage":"en-US","@id":"https:\/\/alivira.com.br\/#\/schema\/logo\/image\/","url":"https:\/\/alivira.com.br\/wp-content\/uploads\/2025\/01\/Alivira-logo-4-1.png","contentUrl":"https:\/\/alivira.com.br\/wp-content\/uploads\/2025\/01\/Alivira-logo-4-1.png","width":212,"height":244,"caption":"Alivira Brazil"},"image":{"@id":"https:\/\/alivira.com.br\/#\/schema\/logo\/image\/"},"sameAs":["https:\/\/www.facebook.com\/alivirabrasil\/","https:\/\/www.instagram.com\/alivirabrasil\/","https:\/\/br.linkedin.com\/company\/alivirabrasil"]}]}},"_links":{"self":[{"href":"https:\/\/alivira.com.br\/en\/wp-json\/wp\/v2\/pages\/3841","targetHints":{"allow":["GET"]}}],"collection":[{"href":"https:\/\/alivira.com.br\/en\/wp-json\/wp\/v2\/pages"}],"about":[{"href":"https:\/\/alivira.com.br\/en\/wp-json\/wp\/v2\/types\/page"}],"author":[{"embeddable":true,"href":"https:\/\/alivira.com.br\/en\/wp-json\/wp\/v2\/users\/1"}],"replies":[{"embeddable":true,"href":"https:\/\/alivira.com.br\/en\/wp-json\/wp\/v2\/comments?post=3841"}],"version-history":[{"count":0,"href":"https:\/\/alivira.com.br\/en\/wp-json\/wp\/v2\/pages\/3841\/revisions"}],"wp:attachment":[{"href":"https:\/\/alivira.com.br\/en\/wp-json\/wp\/v2\/media?parent=3841"}],"curies":[{"name":"wp","href":"https:\/\/api.w.org\/{rel}","templated":true}]}}