{"id":3872,"date":"2025-02-04T09:07:45","date_gmt":"2025-02-04T09:07:45","guid":{"rendered":"https:\/\/alivira.com.br\/?page_id=3872"},"modified":"2025-02-06T11:37:54","modified_gmt":"2025-02-06T11:37:54","slug":"terms-of-use","status":"publish","type":"page","link":"https:\/\/alivira.com.br\/en\/terms-of-use\/","title":{"rendered":"Terms of Use"},"content":{"rendered":"\t\t<div data-elementor-type=\"wp-page\" data-elementor-id=\"3872\" class=\"elementor elementor-3872\" data-elementor-post-type=\"page\">\n\t\t\t\t<div class=\"elementor-element elementor-element-194cedb e-con-full e-flex e-con e-parent\" data-id=\"194cedb\" data-element_type=\"container\" data-settings=\"{&quot;background_background&quot;:&quot;gradient&quot;}\">\n\t\t<div class=\"elementor-element elementor-element-35b475d e-con-full e-flex e-con e-child\" data-id=\"35b475d\" data-element_type=\"container\">\n\t\t\t\t<div class=\"elementor-element elementor-element-eb33b18 elementor-widget elementor-widget-heading\" data-id=\"eb33b18\" data-element_type=\"widget\" data-widget_type=\"heading.default\">\n\t\t\t\t\t<h1 class=\"elementor-heading-title elementor-size-default\">Terms<span class=\"gradient-text\"> of Use<\/span><\/h1>\t\t\t\t<\/div>\n\t\t\t\t<\/div>\n\t\t<div class=\"elementor-element elementor-element-6d21916 e-con-full elementor-hidden-mobile e-flex e-con e-child\" data-id=\"6d21916\" data-element_type=\"container\" data-settings=\"{&quot;background_background&quot;:&quot;classic&quot;}\">\n\t\t\t\t<\/div>\n\t\t\t\t<\/div>\n\t\t<div class=\"elementor-element elementor-element-b7b6a6f e-flex e-con-boxed e-con e-parent\" data-id=\"b7b6a6f\" data-element_type=\"container\">\n\t\t\t\t\t<div class=\"e-con-inner\">\n\t\t\t\t<div class=\"elementor-element elementor-element-cfefbba elementor-widget elementor-widget-text-editor\" data-id=\"cfefbba\" data-element_type=\"widget\" data-widget_type=\"text-editor.default\">\n\t\t\t\t\t\t\t\t\t<div style=\"font-weight: 600;\">AGREEMENT BETWEEN USER AND Alivira Sa\u00fade Animal<\/div><p>The Alivira Sa\u00fade Animal Web Site is comprised of various Web pages operated by Alivira Group. The Alivira Sa\u00fade Animal Web Site is offered to you conditioned on your acceptance without modification of the terms, conditions, and notices contained herein. Your use of the Alivira Sa\u00fade Animal Web Site constitutes your agreement to all such terms, conditions, and notices.<\/p>\t\t\t\t\t\t\t\t<\/div>\n\t\t\t\t<div class=\"elementor-element elementor-element-58a2a47 elementor-widget elementor-widget-text-editor\" data-id=\"58a2a47\" data-element_type=\"widget\" data-widget_type=\"text-editor.default\">\n\t\t\t\t\t\t\t\t\t<div style=\"font-weight: 600;\">MODIFICATION OF THESE TERMS OF USE<\/div><p>Alivira Sa\u00fade Animal reserves the right to change the terms, conditions, and notices under which the Alivira Sa\u00fade Animal Web Site is offered, including but not limited to the charges associated with the use of the Alivira Sa\u00fade Animal Web Site.<\/p>\t\t\t\t\t\t\t\t<\/div>\n\t\t\t\t<div class=\"elementor-element elementor-element-6cff65f elementor-widget elementor-widget-text-editor\" data-id=\"6cff65f\" data-element_type=\"widget\" data-widget_type=\"text-editor.default\">\n\t\t\t\t\t\t\t\t\t<div style=\"font-weight: 600;\">LINKS TO THIRD PARTY SITES<\/div><p>The Alivira Sa\u00fade Animal Web Site may contain links to other Web Sites (&#8220;Linked Sites&#8221;). The Linked Sites are not under the control of Alivira Sa\u00fade Animal and Alivira Sa\u00fade Animal is not responsible for the contents of any Linked Site, including without limitation any link contained in a Linked Site, or any changes or updates to a Linked Site. Alivira Sa\u00fade Animal is not responsible for webcasting or any other form of transmission received from any Linked Site. Alivira Sa\u00fade Animal is providing these links to you only as a convenience, and the inclusion of any link does not imply endorsement by Alivira Sa\u00fade Animal of the site or any association with its operators.<\/p>\t\t\t\t\t\t\t\t<\/div>\n\t\t\t\t<div class=\"elementor-element elementor-element-a3177b2 elementor-widget elementor-widget-text-editor\" data-id=\"a3177b2\" data-element_type=\"widget\" data-widget_type=\"text-editor.default\">\n\t\t\t\t\t\t\t\t\t<div style=\"font-weight: 600;\">NO UNLAWFUL OR PROHIBITED USE<\/div><p>As a condition of your use of the Alivira Sa\u00fade Animal Web Site, you warrant to Alivira Sa\u00fade Animal that you will not use the Alivira Sa\u00fade Animal Web Site for any purpose that is unlawful or prohibited by these terms, conditions, and notices. You may not use the Alivira Sa\u00fade Animal Web Site in any manner which could damage, disable, overburden, or impair the Alivira Sa\u00fade Animal Web Site or interfere with any other party&#8217;s use and enjoyment of the Alivira Sa\u00fade Animal Web Site. You may not obtain or attempt to obtain any materials or information through any means not intentionally made available or provided for through the Alivira Sa\u00fade Animal Web Sites.<\/p>\t\t\t\t\t\t\t\t<\/div>\n\t\t\t\t<div class=\"elementor-element elementor-element-da58862 elementor-widget elementor-widget-text-editor\" data-id=\"da58862\" data-element_type=\"widget\" data-widget_type=\"text-editor.default\">\n\t\t\t\t\t\t\t\t\t<div style=\"font-weight: 600;\">USE OF COMMUNICATION SERVICES<\/div><p>The Alivira Sa\u00fade Animal Web Site may contain bulletin board services, chat areas, news groups, forums, communities, personal web pages, calendars, and\/or other message or communication facilities designed to enable you to communicate with the public at large or with a group (collectively, &#8220;Communication Services&#8221;), you agree to use the Communication Services only to post, send and receive messages and material that are proper and related to the particular Communication Service. By way of example, and not as a limitation, you agree that when using a Communication Service, you will not:<\/p><p>Defame, abuse, harass, stalk, threaten or otherwise violate the legal rights (such as rights of privacy and publicity) of others.<\/p><p>Publish, post, upload, distribute or disseminate any inappropriate, profane, defamatory, infringing, obscene, indecent or unlawful topic, name, material or<br \/>information.<\/p><p>Upload files that contain software or other material protected by intellectual property laws (or by rights of privacy of publicity) unless you own or control the rights thereto or have received all necessary consents.<\/p><p>Upload files that contain viruses, corrupted files, or any other similar software or programs that may damage the operation of another&#8217;s computer.<\/p><p>Advertise or offer to sell or buy any goods or services for any business purpose, unless such Communication Service specifically allows such messages.<\/p><p>Conduct or forward surveys, contests, pyramid schemes or chain letters.<\/p><p>Download any file posted by another user of a Communication Service that you know, or reasonably should know, cannot be legally distributed in such manner.<\/p><p>Falsify or delete any author attributions, legal or other proper notices or proprietary designations or labels of the origin or source of software or other material contained in a file that is uploaded.<\/p><p>Restrict or inhibit any other user from using and enjoying the Communication Services.<\/p><p>Violate any code of conduct or other guidelines which may beapplicable for any particular Communication Service.<\/p><p>Harvest or otherwise collect information about others, including e-mail addresses, without their consent.<\/p><p>Violate any applicable laws or regulations.<\/p><p>Alivira Sa\u00fade Animal has no obligation to monitor the Communication Services. However, Alivira Sa\u00fade Animal reserves the right to review materials posted to a Communication Service and to remove any materials in its sole discretion. Alivira Sa\u00fade Animal reserves the right to terminate your access to any or all of the Communication Services at any time without notice for any reason whatsoever.<\/p><p>Alivira Sa\u00fade Animal reserves the right at all times to disclose any information as necessary to satisfy any applicable law, regulation, legal process or governmental request, or to edit, refuse to post or to remove any information or materials, in whole or in part, in Alivira Sa\u00fade Animal&#8217;s sole discretion.<\/p><p>Always use caution when giving out any personally identifying information about yourself or your children in any Communication Service. Alivira Sa\u00fade Animal does not control or endorse the content, messages or information found in any Communication Service and, therefore, Alivira Sa\u00fade Animal specifically disclaims any liability with regard to the Communication Services and any actions resulting from your participation in any Communication Service. Managers and hosts are not authorized Alivira Sa\u00fade Animal spokespersons, and their views do not necessarily reflect those of Alivira Sa\u00fade Animal.<\/p><p>Materials uploaded to a Communication Service may be subject to posted limitations on usage, reproduction and\/or dissemination. You are responsible for adhering to such limitations if you download the materials.<\/p>\t\t\t\t\t\t\t\t<\/div>\n\t\t\t\t<div class=\"elementor-element elementor-element-9ef3abc elementor-widget elementor-widget-text-editor\" data-id=\"9ef3abc\" data-element_type=\"widget\" data-widget_type=\"text-editor.default\">\n\t\t\t\t\t\t\t\t\t<div style=\"font-weight: 600;\">MATERIALS PROVIDED TO ALIVIRA SA\u00daDE ANIMAL OR POSTED AT ANY ALIVIRA SA\u00daDE ANIMAL WEBSITE<\/div><p>Alivira Sa\u00fade Animal does not claim ownership of the materials you provide to Alivira Sa\u00fade Animal (including feedback and suggestions) or post, upload, input or submit to any Alivira Sa\u00fade Animal Web Site or its associated services (collectively &#8220;Submissions&#8221;). However, by posting, uploading, inputting, providing or submitting your Submission you are granting Alivira Sa\u00fade Animal, its affiliated companies and necessary sublicensees permission to use your Submission in connection with the operation of their Internet businesses including, without limitation, the rights to: copy, distribute, transmit, publicly display, publicly perform, reproduce, edit, translate and reformat your Submission; and to publish your name in connection with your Submission.<\/p><p>No compensation will be paid with respect to the use of your Submission, as provided herein. Alivira Sa\u00fade Animal is under no obligation to post or use any Submission you may provide and may remove any Submission at any time in Alivira Sa\u00fade Animal&#8217;s sole discretion.<\/p><p>By posting, uploading, inputting, providing or submitting your Submission you warrant and represent that you own or otherwise control all of the rights to your Submission as described in this section including, without limitation, all the rights necessary for you to provide, post, upload, input or submit the Submissions.<\/p>\t\t\t\t\t\t\t\t<\/div>\n\t\t\t\t<div class=\"elementor-element elementor-element-b6a0a16 elementor-widget elementor-widget-text-editor\" data-id=\"b6a0a16\" data-element_type=\"widget\" data-widget_type=\"text-editor.default\">\n\t\t\t\t\t\t\t\t\t<div style=\"font-weight: 600;\">LIABILITY DISCLAIMER<\/div><p>The information, software, products, and services included in or available through the Alivira Sa\u00fade Animal web site may include inaccuracies or typographical errors. changes are periodically added to the information herein. Alivira Sa\u00fade Animal and\/or its suppliers may make improvements and\/or changes in the Alivira Sa\u00fade Animal web site at any time. advice received via the Alivira Sa\u00fade Animal web site should not be relied upon for personal, medical, legal or financial decisions and you should consult an appropriate professional for specific advice tailored to your situation.<\/p><p>Alivira Sa\u00fade Animal and\/or its suppliers make no representations about the suitability, reliability, availability, timeliness, and accuracy of the information, software, products, services and related graphics contained on the Alivira Sa\u00fade Animal web site for any purpose. to the maximum extent permitted by applicable law, all such information, software, products, services and related graphics are provided &amp;quot;as is&amp;quot; without warranty or condition of any kind. Alivira Sa\u00fade Animal and\/or its suppliers hereby disclaim all warranties and conditions with regard to this information, software, products, services and related graphics, including all such information, software, products, services and related graphics are provided &amp;quot;as is&amp;quot; without warranty or condition of any kind. Alivira Sa\u00fade Animal and\/or its suppliers hereby disclaim all warranties and conditions with regard to this information, software, products, services and related graphics, including all implied warranties or conditions of merchantability, fitness for a particular purpose, title and non-infringement.<\/p><p>To the maximum extent permitted by applicable law, in no event shall Alivira Sa\u00fade Animal and\/or its suppliers be liable for any direct, indirect, punitive, incidental, special, consequential damages or any damages whatsoever including, without limitation, damages for loss of use, data or profits, arising out of or in any way connected with the use or performance of the Alivira Sa\u00fade Animal web site, with the delay or inability to use the Alivira Sa\u00fade Animal web site or related services, the provision of or failure to provide services, or for any information, software, products, services and related graphics obtained through the Alivira Sa\u00fade Animal web site, or otherwise arising out of the use of the Alivira Sa\u00fade Animal web site, whether based on contract, tort, negligence, strict liability or otherwise, even if Alivira Sa\u00fade Animal or any of its suppliers has been advised of the possibility of damages. because some states\/jurisdictions do not allow the exclusion or limitation of liability for consequential or incidental damages, the above limitation may not apply to you. if<br \/>you are dissatisfied with any portion of the Alivira Sa\u00fade Animal website, or with any of these terms of use, your sole and exclusive remedy is to discontinue using the Alivira Sa\u00fade Animal web site.<\/p><p>CONTACT:<br \/>privacidade@alivira.com.br<\/p>\t\t\t\t\t\t\t\t<\/div>\n\t\t\t\t<div class=\"elementor-element elementor-element-b07114d elementor-widget elementor-widget-text-editor\" data-id=\"b07114d\" data-element_type=\"widget\" data-widget_type=\"text-editor.default\">\n\t\t\t\t\t\t\t\t\t<div style=\"font-weight: 600;\">TERMINATION \/ ACCESS RESTRICTION<\/div>\n<div>Alivira Sa\u00fade Animal reserves the right, in its sole discretion, to terminate your access to the Alivira Sa\u00fade Animal Web Site and the related services or any portion thereof at any time, without notice. GENERAL To the maximum extent permitted by law, this agreement is governed by the laws of the Brazil and you hereby consent to the exclusive jurisdiction and venue of courts in Campinas, state S\u00e3o Paulo, Brazil in all disputes arising out of or relating to the use of the Alivira Sa\u00fade Animal Web Site. Use of the Alivira Sa\u00fade Animal Web Site is unauthorized in any jurisdiction that does not give effect to all provisions of these terms and conditions, including without limitation this paragraph. You agree that no joint venture, partnership, employment, or agency relationship exists between you and Alivira Sa\u00fade Animal as a result of this agreement or use of the Alivira Sa\u00fade Animal Web Site. Alivira Sa\u00fade Animal&#8217;s performance of this agreement is subject to existing laws and legal process, and nothing contained in this agreement is in derogation of Alivira Sa\u00fade Animal&#8217;s right to comply with governmental, court and law enforcement requests or requirements relating to your use of the Alivira Sa\u00fade Animal Web Site or information provided to or gathered by Alivira Sa\u00fade Animal with respect to such use. If any part of this agreement is determined to be invalid or unenforceable pursuant to applicable law including, but not limited to, the warranty disclaimers and liability limitations set forth above, then the invalid or unenforceable provision will be deemed superseded by a valid, enforceable provision that most closely matches the intent of the original provision and the remainder of the agreement shall continue in effect. Unless otherwise specified herein, this agreement constitutes the entire agreement between the user and Alivira Sa\u00fade Animal with respect to the Alivira Sa\u00fade Animal Web Site and it supersedes all prior or contemporaneous communications and proposals, whether electronic, oral or written, between the user and Alivira Sa\u00fade Animal with respect to the Alivira Sa\u00fade Animal Web Site. A printed version of this agreement and of any notice given in electronic form shall be admissible in judicial or administrative proceedings based upon or relating to this agreement to the same extent an d subject to the same conditions as other business documents and records originally generated and maintained in printed form. It is the express wish to the parties that this agreement and all related documents be drawn up in Portuguese\/English.<\/div>\t\t\t\t\t\t\t\t<\/div>\n\t\t\t\t<div class=\"elementor-element elementor-element-3017157 elementor-widget elementor-widget-text-editor\" data-id=\"3017157\" data-element_type=\"widget\" data-widget_type=\"text-editor.default\">\n\t\t\t\t\t\t\t\t\t<div style=\"font-weight: 600;\">COPYRIGHT AND TRADEMARK NOTICES<\/div><p>All contents of the Alivira Sa\u00fade Animal Web Site are: Copyright 2025 by Alivira Sa\u00fade Animal Ltda and\/or its suppliers. All rights reserved.<\/p>\t\t\t\t\t\t\t\t<\/div>\n\t\t\t\t<div class=\"elementor-element elementor-element-618f9eb elementor-widget elementor-widget-text-editor\" data-id=\"618f9eb\" data-element_type=\"widget\" data-widget_type=\"text-editor.default\">\n\t\t\t\t\t\t\t\t\t<div style=\"font-weight: 600;\">TRADEMARKS<\/div><p>The names of actual companies and products mentioned herein may be the trademarks of their respective owners.<br \/>The example companies, organizations, products, people and events depicted herein are fictitious. No association with any real company, organization, product, person, or event is intended or should be inferred.<\/p><p>Any rights not expressly granted herein are reserved.<br \/>Alivira Sa\u00fade Animal is part of Alivira Group.<\/p><p>January 31 <sup>st<\/sup> , 2025<br \/>Version_03<\/p>\t\t\t\t\t\t\t\t<\/div>\n\t\t\t\t\t<\/div>\n\t\t\t\t<\/div>\n\t\t\t\t<\/div>\n\t\t","protected":false},"excerpt":{"rendered":"<p>Terms of Use AGREEMENT BETWEEN USER AND Alivira Sa\u00fade Animal The Alivira Sa\u00fade Animal Web Site is comprised of various Web pages operated by Alivira Group. The Alivira Sa\u00fade Animal Web Site is offered to you conditioned on your acceptance without modification of the terms, conditions, and notices contained herein. Your use of the Alivira [&hellip;]<\/p>\n","protected":false},"author":1,"featured_media":0,"parent":0,"menu_order":0,"comment_status":"closed","ping_status":"closed","template":"","meta":{"_acf_changed":false,"footnotes":""},"class_list":["post-3872","page","type-page","status-publish","hentry"],"acf":[],"yoast_head":"<!-- This site is optimized with the Yoast SEO Premium plugin v24.4 (Yoast SEO v25.9) - https:\/\/yoast.com\/wordpress\/plugins\/seo\/ -->\n<title>Terms of Use - Alivira Brasil<\/title>\n<meta name=\"robots\" content=\"index, follow, max-snippet:-1, max-image-preview:large, max-video-preview:-1\" \/>\n<link rel=\"canonical\" href=\"https:\/\/alivira.com.br\/en\/terms-of-use\/\" \/>\n<meta property=\"og:locale\" content=\"en_US\" \/>\n<meta property=\"og:type\" content=\"article\" \/>\n<meta property=\"og:title\" content=\"Terms of Use\" \/>\n<meta property=\"og:description\" content=\"Terms of Use AGREEMENT BETWEEN USER AND Alivira Sa\u00fade Animal The Alivira Sa\u00fade Animal Web Site is comprised of various Web pages operated by Alivira Group. The Alivira Sa\u00fade Animal Web Site is offered to you conditioned on your acceptance without modification of the terms, conditions, and notices contained herein. Your use of the Alivira [&hellip;]\" \/>\n<meta property=\"og:url\" content=\"https:\/\/alivira.com.br\/en\/terms-of-use\/\" \/>\n<meta property=\"og:site_name\" content=\"Alivira Brasil\" \/>\n<meta property=\"article:publisher\" content=\"https:\/\/www.facebook.com\/alivirabrasil\/\" \/>\n<meta property=\"article:modified_time\" content=\"2025-02-06T11:37:54+00:00\" \/>\n<meta name=\"twitter:card\" content=\"summary_large_image\" \/>\n<meta name=\"twitter:label1\" content=\"Est. reading time\" \/>\n\t<meta name=\"twitter:data1\" content=\"11 minutes\" \/>\n<script type=\"application\/ld+json\" class=\"yoast-schema-graph\">{\"@context\":\"https:\/\/schema.org\",\"@graph\":[{\"@type\":\"WebPage\",\"@id\":\"https:\/\/alivira.com.br\/en\/terms-of-use\/\",\"url\":\"https:\/\/alivira.com.br\/en\/terms-of-use\/\",\"name\":\"Terms of Use - Alivira Brasil\",\"isPartOf\":{\"@id\":\"https:\/\/alivira.com.br\/#website\"},\"datePublished\":\"2025-02-04T09:07:45+00:00\",\"dateModified\":\"2025-02-06T11:37:54+00:00\",\"breadcrumb\":{\"@id\":\"https:\/\/alivira.com.br\/en\/terms-of-use\/#breadcrumb\"},\"inLanguage\":\"en-US\",\"potentialAction\":[{\"@type\":\"ReadAction\",\"target\":[\"https:\/\/alivira.com.br\/en\/terms-of-use\/\"]}]},{\"@type\":\"BreadcrumbList\",\"@id\":\"https:\/\/alivira.com.br\/en\/terms-of-use\/#breadcrumb\",\"itemListElement\":[{\"@type\":\"ListItem\",\"position\":1,\"name\":\"Home\",\"item\":\"https:\/\/alivira.com.br\/en\/\"},{\"@type\":\"ListItem\",\"position\":2,\"name\":\"Terms of Use\"}]},{\"@type\":\"WebSite\",\"@id\":\"https:\/\/alivira.com.br\/#website\",\"url\":\"https:\/\/alivira.com.br\/\",\"name\":\"Alivira Brazil\",\"description\":\"\",\"publisher\":{\"@id\":\"https:\/\/alivira.com.br\/#organization\"},\"potentialAction\":[{\"@type\":\"SearchAction\",\"target\":{\"@type\":\"EntryPoint\",\"urlTemplate\":\"https:\/\/alivira.com.br\/?s={search_term_string}\"},\"query-input\":{\"@type\":\"PropertyValueSpecification\",\"valueRequired\":true,\"valueName\":\"search_term_string\"}}],\"inLanguage\":\"en-US\"},{\"@type\":\"Organization\",\"@id\":\"https:\/\/alivira.com.br\/#organization\",\"name\":\"Alivira Brazil\",\"alternateName\":\"Alivira\",\"url\":\"https:\/\/alivira.com.br\/\",\"logo\":{\"@type\":\"ImageObject\",\"inLanguage\":\"en-US\",\"@id\":\"https:\/\/alivira.com.br\/#\/schema\/logo\/image\/\",\"url\":\"https:\/\/alivira.com.br\/wp-content\/uploads\/2025\/01\/Alivira-logo-4-1.png\",\"contentUrl\":\"https:\/\/alivira.com.br\/wp-content\/uploads\/2025\/01\/Alivira-logo-4-1.png\",\"width\":212,\"height\":244,\"caption\":\"Alivira Brazil\"},\"image\":{\"@id\":\"https:\/\/alivira.com.br\/#\/schema\/logo\/image\/\"},\"sameAs\":[\"https:\/\/www.facebook.com\/alivirabrasil\/\",\"https:\/\/www.instagram.com\/alivirabrasil\/\",\"https:\/\/br.linkedin.com\/company\/alivirabrasil\"]}]}<\/script>\n<!-- \/ Yoast SEO Premium plugin. -->","yoast_head_json":{"title":"Terms of Use - Alivira Brasil","robots":{"index":"index","follow":"follow","max-snippet":"max-snippet:-1","max-image-preview":"max-image-preview:large","max-video-preview":"max-video-preview:-1"},"canonical":"https:\/\/alivira.com.br\/en\/terms-of-use\/","og_locale":"en_US","og_type":"article","og_title":"Terms of Use","og_description":"Terms of Use AGREEMENT BETWEEN USER AND Alivira Sa\u00fade Animal The Alivira Sa\u00fade Animal Web Site is comprised of various Web pages operated by Alivira Group. The Alivira Sa\u00fade Animal Web Site is offered to you conditioned on your acceptance without modification of the terms, conditions, and notices contained herein. Your use of the Alivira [&hellip;]","og_url":"https:\/\/alivira.com.br\/en\/terms-of-use\/","og_site_name":"Alivira Brasil","article_publisher":"https:\/\/www.facebook.com\/alivirabrasil\/","article_modified_time":"2025-02-06T11:37:54+00:00","twitter_card":"summary_large_image","twitter_misc":{"Est. reading time":"11 minutes"},"schema":{"@context":"https:\/\/schema.org","@graph":[{"@type":"WebPage","@id":"https:\/\/alivira.com.br\/en\/terms-of-use\/","url":"https:\/\/alivira.com.br\/en\/terms-of-use\/","name":"Terms of Use - Alivira Brasil","isPartOf":{"@id":"https:\/\/alivira.com.br\/#website"},"datePublished":"2025-02-04T09:07:45+00:00","dateModified":"2025-02-06T11:37:54+00:00","breadcrumb":{"@id":"https:\/\/alivira.com.br\/en\/terms-of-use\/#breadcrumb"},"inLanguage":"en-US","potentialAction":[{"@type":"ReadAction","target":["https:\/\/alivira.com.br\/en\/terms-of-use\/"]}]},{"@type":"BreadcrumbList","@id":"https:\/\/alivira.com.br\/en\/terms-of-use\/#breadcrumb","itemListElement":[{"@type":"ListItem","position":1,"name":"Home","item":"https:\/\/alivira.com.br\/en\/"},{"@type":"ListItem","position":2,"name":"Terms of Use"}]},{"@type":"WebSite","@id":"https:\/\/alivira.com.br\/#website","url":"https:\/\/alivira.com.br\/","name":"Alivira Brazil","description":"","publisher":{"@id":"https:\/\/alivira.com.br\/#organization"},"potentialAction":[{"@type":"SearchAction","target":{"@type":"EntryPoint","urlTemplate":"https:\/\/alivira.com.br\/?s={search_term_string}"},"query-input":{"@type":"PropertyValueSpecification","valueRequired":true,"valueName":"search_term_string"}}],"inLanguage":"en-US"},{"@type":"Organization","@id":"https:\/\/alivira.com.br\/#organization","name":"Alivira Brazil","alternateName":"Alivira","url":"https:\/\/alivira.com.br\/","logo":{"@type":"ImageObject","inLanguage":"en-US","@id":"https:\/\/alivira.com.br\/#\/schema\/logo\/image\/","url":"https:\/\/alivira.com.br\/wp-content\/uploads\/2025\/01\/Alivira-logo-4-1.png","contentUrl":"https:\/\/alivira.com.br\/wp-content\/uploads\/2025\/01\/Alivira-logo-4-1.png","width":212,"height":244,"caption":"Alivira Brazil"},"image":{"@id":"https:\/\/alivira.com.br\/#\/schema\/logo\/image\/"},"sameAs":["https:\/\/www.facebook.com\/alivirabrasil\/","https:\/\/www.instagram.com\/alivirabrasil\/","https:\/\/br.linkedin.com\/company\/alivirabrasil"]}]}},"_links":{"self":[{"href":"https:\/\/alivira.com.br\/en\/wp-json\/wp\/v2\/pages\/3872","targetHints":{"allow":["GET"]}}],"collection":[{"href":"https:\/\/alivira.com.br\/en\/wp-json\/wp\/v2\/pages"}],"about":[{"href":"https:\/\/alivira.com.br\/en\/wp-json\/wp\/v2\/types\/page"}],"author":[{"embeddable":true,"href":"https:\/\/alivira.com.br\/en\/wp-json\/wp\/v2\/users\/1"}],"replies":[{"embeddable":true,"href":"https:\/\/alivira.com.br\/en\/wp-json\/wp\/v2\/comments?post=3872"}],"version-history":[{"count":0,"href":"https:\/\/alivira.com.br\/en\/wp-json\/wp\/v2\/pages\/3872\/revisions"}],"wp:attachment":[{"href":"https:\/\/alivira.com.br\/en\/wp-json\/wp\/v2\/media?parent=3872"}],"curies":[{"name":"wp","href":"https:\/\/api.w.org\/{rel}","templated":true}]}}