{"id":409,"date":"2024-12-19T08:05:13","date_gmt":"2024-12-19T08:05:13","guid":{"rendered":"https:\/\/alivira.com.br\/?page_id=409"},"modified":"2025-01-27T11:30:42","modified_gmt":"2025-01-27T11:30:42","slug":"company","status":"publish","type":"page","link":"https:\/\/alivira.com.br\/en\/company\/","title":{"rendered":"Company"},"content":{"rendered":"\t\t<div data-elementor-type=\"wp-page\" data-elementor-id=\"409\" class=\"elementor elementor-409\" data-elementor-post-type=\"page\">\n\t\t\t\t<div class=\"elementor-element elementor-element-35008dad e-con-full e-flex e-con e-parent\" data-id=\"35008dad\" data-element_type=\"container\" data-settings=\"{&quot;background_background&quot;:&quot;gradient&quot;}\">\n\t\t<div class=\"elementor-element elementor-element-21250c63 e-con-full e-flex e-con e-child\" data-id=\"21250c63\" data-element_type=\"container\">\n\t\t\t\t<div class=\"elementor-element elementor-element-3c6c1409 gradient-text elementor-widget elementor-widget-heading\" data-id=\"3c6c1409\" data-element_type=\"widget\" data-widget_type=\"heading.default\">\n\t\t\t\t\t<h1 class=\"elementor-heading-title elementor-size-default\">Company<\/h1>\t\t\t\t<\/div>\n\t\t\t\t<\/div>\n\t\t<div class=\"elementor-element elementor-element-144f7dea e-con-full elementor-hidden-mobile e-flex e-con e-child\" data-id=\"144f7dea\" data-element_type=\"container\" data-settings=\"{&quot;background_background&quot;:&quot;classic&quot;}\">\n\t\t\t\t<\/div>\n\t\t\t\t<\/div>\n\t\t<div class=\"elementor-element elementor-element-659305b e-flex e-con-boxed e-con e-parent\" data-id=\"659305b\" data-element_type=\"container\" data-settings=\"{&quot;background_background&quot;:&quot;classic&quot;}\">\n\t\t\t\t\t<div class=\"e-con-inner\">\n\t\t\t\t<div class=\"elementor-element elementor-element-81da145 gradient-text elementor-widget elementor-widget-heading\" data-id=\"81da145\" data-element_type=\"widget\" data-widget_type=\"heading.default\">\n\t\t\t\t\t<h2 class=\"elementor-heading-title elementor-size-default\">Who are we?<\/h2>\t\t\t\t<\/div>\n\t\t<div class=\"elementor-element elementor-element-5f3a04d e-con-full e-flex e-con e-child\" data-id=\"5f3a04d\" data-element_type=\"container\">\n\t\t<div class=\"elementor-element elementor-element-efaa85a e-con-full e-flex e-con e-child\" data-id=\"efaa85a\" data-element_type=\"container\" data-settings=\"{&quot;background_background&quot;:&quot;classic&quot;}\">\n\t\t\t\t<div class=\"elementor-element elementor-element-2c2d78e elementor-widget elementor-widget-text-editor\" data-id=\"2c2d78e\" data-element_type=\"widget\" data-widget_type=\"text-editor.default\">\n\t\t\t\t\t\t\t\t\t<p><span style=\"font-weight: 400;\">Exclusivity, innovation, technology, quality and credibility are the keynotes of Alivira&#8217;s work philosophy, developing and manufacturing exclusive products to bring producers the best and most efficient solutions to their problems.<\/span><\/p><p><span style=\"font-weight: 400;\">The credibility of the Alivira team, from its management to its administrative and sales team, is recognized in the market for decades of good services provided in support of the poultry and pork production chains.<\/span><\/p>\t\t\t\t\t\t\t\t<\/div>\n\t\t\t\t<\/div>\n\t\t<div class=\"elementor-element elementor-element-9f8fe40 e-con-full e-flex e-con e-child\" data-id=\"9f8fe40\" data-element_type=\"container\" data-settings=\"{&quot;background_background&quot;:&quot;classic&quot;}\">\n\t\t\t\t<div class=\"elementor-element elementor-element-b7e0195 elementor-widget elementor-widget-text-editor\" data-id=\"b7e0195\" data-element_type=\"widget\" data-widget_type=\"text-editor.default\">\n\t\t\t\t\t\t\t\t\t<p><span style=\"font-weight: 400;\">It operates as one of the subsidiaries of Alivira Global, which is part of the Sequent Group, the largest animal health company in India and which in 2020 was incorporated by the American investment fund Carlyle.<\/span><\/p><p><span style=\"font-weight: 400;\">Mergers, incorporations and acquisitions add value to the group in terms of corporate management, new technologies and better access to capital, raw materials and product exchange.<\/span><\/p>\t\t\t\t\t\t\t\t<\/div>\n\t\t\t\t<\/div>\n\t\t<div class=\"elementor-element elementor-element-fece2b9 e-con-full e-flex e-con e-child\" data-id=\"fece2b9\" data-element_type=\"container\" data-settings=\"{&quot;background_background&quot;:&quot;classic&quot;}\">\n\t\t\t\t<div class=\"elementor-element elementor-element-21443d1 elementor-widget elementor-widget-text-editor\" data-id=\"21443d1\" data-element_type=\"widget\" data-widget_type=\"text-editor.default\">\n\t\t\t\t\t\t\t\t\t<p><span style=\"font-weight: 400;\">In 2022, with the aim of increasing its market scope, it acquired the company Nourrie Sa\u00fade e Nutri\u00e7\u00e3o Animal, specialized and dedicated to the development, manufacture and marketing of products for pets, based in Uberl\u00e2ndia\/MG.<\/span><\/p><p><span style=\"font-weight: 400;\">Over the last few years, Alivira Group has emerged as India\u2019s largest animal health company with presence in 100+ countries.<\/span><\/p>\t\t\t\t\t\t\t\t<\/div>\n\t\t\t\t<\/div>\n\t\t\t\t<\/div>\n\t\t<div class=\"elementor-element elementor-element-7b8e3a1 e-con-full e-flex e-con e-child\" data-id=\"7b8e3a1\" data-element_type=\"container\">\n\t\t<div class=\"elementor-element elementor-element-c68bcf3 e-con-full e-flex e-con e-child\" data-id=\"c68bcf3\" data-element_type=\"container\" data-settings=\"{&quot;background_background&quot;:&quot;classic&quot;}\">\n\t\t\t\t<div class=\"elementor-element elementor-element-953794e elementor-widget elementor-widget-text-editor\" data-id=\"953794e\" data-element_type=\"widget\" data-widget_type=\"text-editor.default\">\n\t\t\t\t\t\t\t\t\t<p><span style=\"font-weight: 400;\">Our logotype is inspired by nature and its different forms and shapes -from a microscopic view of the skin texture to footprint of a chosen animal. The circular shape evokes the idea of protection and control. It\u2019s a closed and perfect shape that is naturally balanced, reminiscent of the brand idea \u201cAnimals\u2019 Source of Health\u201d. Pronounced A-lee-vee-rah,\u00a0 the name is a variant of two Latin words Elvira, word for \u2018white, pure, clean\u2019 and Alleviare, word for \u2018relief\u2019. It speaks about our commitment to improving animals\u2019 life and well-being at every stage. We are Alivira! Our focus on R&amp;D is taking us even further, and we are committed to applying cutting-edge resources to improve health and well-being at every stage of animals\u2019 lives. All along our processes, we are committed to quality, but moreover, we are committed to safety. That is our guarantee for effective medicines.<\/span><\/p>\t\t\t\t\t\t\t\t<\/div>\n\t\t\t\t<\/div>\n\t\t<div class=\"elementor-element elementor-element-ac87983 e-con-full e-flex e-con e-child\" data-id=\"ac87983\" data-element_type=\"container\" data-settings=\"{&quot;background_background&quot;:&quot;classic&quot;}\">\n\t\t\t\t<div class=\"elementor-element elementor-element-505b2a4 elementor-widget elementor-widget-image\" data-id=\"505b2a4\" data-element_type=\"widget\" data-widget_type=\"image.default\">\n\t\t\t\t\t\t\t\t\t\t\t\t\t\t\t<img fetchpriority=\"high\" decoding=\"async\" width=\"212\" height=\"244\" src=\"https:\/\/alivira.com.br\/wp-content\/uploads\/2024\/12\/Alivira-logo-4-2-1.png\" class=\"attachment-large size-large wp-image-1386\" alt=\"\" \/>\t\t\t\t\t\t\t\t\t\t\t\t\t\t\t<\/div>\n\t\t\t\t<\/div>\n\t\t\t\t<\/div>\n\t\t\t\t\t<\/div>\n\t\t\t\t<\/div>\n\t\t\t\t<\/div>\n\t\t","protected":false},"excerpt":{"rendered":"<p>Company Who are we? Exclusivity, innovation, technology, quality and credibility are the keynotes of Alivira&#8217;s work philosophy, developing and manufacturing exclusive products to bring producers the best and most efficient solutions to their problems. The credibility of the Alivira team, from its management to its administrative and sales team, is recognized in the market for [&hellip;]<\/p>\n","protected":false},"author":1,"featured_media":0,"parent":0,"menu_order":0,"comment_status":"closed","ping_status":"closed","template":"","meta":{"_acf_changed":false,"footnotes":""},"class_list":["post-409","page","type-page","status-publish","hentry"],"acf":[],"yoast_head":"<!-- This site is optimized with the Yoast SEO Premium plugin v24.4 (Yoast SEO v25.9) - https:\/\/yoast.com\/wordpress\/plugins\/seo\/ -->\n<title>Company - Alivira Brasil<\/title>\n<meta name=\"robots\" content=\"index, follow, max-snippet:-1, max-image-preview:large, max-video-preview:-1\" \/>\n<link rel=\"canonical\" href=\"https:\/\/alivira.com.br\/en\/company\/\" \/>\n<meta property=\"og:locale\" content=\"en_US\" \/>\n<meta property=\"og:type\" content=\"article\" \/>\n<meta property=\"og:title\" content=\"Company\" \/>\n<meta property=\"og:description\" content=\"Company Who are we? Exclusivity, innovation, technology, quality and credibility are the keynotes of Alivira&#8217;s work philosophy, developing and manufacturing exclusive products to bring producers the best and most efficient solutions to their problems. The credibility of the Alivira team, from its management to its administrative and sales team, is recognized in the market for [&hellip;]\" \/>\n<meta property=\"og:url\" content=\"https:\/\/alivira.com.br\/en\/company\/\" \/>\n<meta property=\"og:site_name\" content=\"Alivira Brasil\" \/>\n<meta property=\"article:publisher\" content=\"https:\/\/www.facebook.com\/alivirabrasil\/\" \/>\n<meta property=\"article:modified_time\" content=\"2025-01-27T11:30:42+00:00\" \/>\n<meta property=\"og:image\" content=\"https:\/\/alivira.com.br\/wp-content\/uploads\/2024\/12\/Alivira-logo-4-2-1.png\" \/>\n\t<meta property=\"og:image:width\" content=\"212\" \/>\n\t<meta property=\"og:image:height\" content=\"244\" \/>\n\t<meta property=\"og:image:type\" content=\"image\/png\" \/>\n<meta name=\"twitter:card\" content=\"summary_large_image\" \/>\n<meta name=\"twitter:label1\" content=\"Est. reading time\" \/>\n\t<meta name=\"twitter:data1\" content=\"2 minutes\" \/>\n<script type=\"application\/ld+json\" class=\"yoast-schema-graph\">{\"@context\":\"https:\/\/schema.org\",\"@graph\":[{\"@type\":\"WebPage\",\"@id\":\"https:\/\/alivira.com.br\/en\/company\/\",\"url\":\"https:\/\/alivira.com.br\/en\/company\/\",\"name\":\"Company - Alivira Brasil\",\"isPartOf\":{\"@id\":\"https:\/\/alivira.com.br\/#website\"},\"primaryImageOfPage\":{\"@id\":\"https:\/\/alivira.com.br\/en\/company\/#primaryimage\"},\"image\":{\"@id\":\"https:\/\/alivira.com.br\/en\/company\/#primaryimage\"},\"thumbnailUrl\":\"https:\/\/alivira.com.br\/wp-content\/uploads\/2024\/12\/Alivira-logo-4-2-1.png\",\"datePublished\":\"2024-12-19T08:05:13+00:00\",\"dateModified\":\"2025-01-27T11:30:42+00:00\",\"breadcrumb\":{\"@id\":\"https:\/\/alivira.com.br\/en\/company\/#breadcrumb\"},\"inLanguage\":\"en-US\",\"potentialAction\":[{\"@type\":\"ReadAction\",\"target\":[\"https:\/\/alivira.com.br\/en\/company\/\"]}]},{\"@type\":\"ImageObject\",\"inLanguage\":\"en-US\",\"@id\":\"https:\/\/alivira.com.br\/en\/company\/#primaryimage\",\"url\":\"https:\/\/alivira.com.br\/wp-content\/uploads\/2024\/12\/Alivira-logo-4-2-1.png\",\"contentUrl\":\"https:\/\/alivira.com.br\/wp-content\/uploads\/2024\/12\/Alivira-logo-4-2-1.png\"},{\"@type\":\"BreadcrumbList\",\"@id\":\"https:\/\/alivira.com.br\/en\/company\/#breadcrumb\",\"itemListElement\":[{\"@type\":\"ListItem\",\"position\":1,\"name\":\"Home\",\"item\":\"https:\/\/alivira.com.br\/en\/\"},{\"@type\":\"ListItem\",\"position\":2,\"name\":\"Company\"}]},{\"@type\":\"WebSite\",\"@id\":\"https:\/\/alivira.com.br\/#website\",\"url\":\"https:\/\/alivira.com.br\/\",\"name\":\"Alivira Brazil\",\"description\":\"\",\"publisher\":{\"@id\":\"https:\/\/alivira.com.br\/#organization\"},\"potentialAction\":[{\"@type\":\"SearchAction\",\"target\":{\"@type\":\"EntryPoint\",\"urlTemplate\":\"https:\/\/alivira.com.br\/?s={search_term_string}\"},\"query-input\":{\"@type\":\"PropertyValueSpecification\",\"valueRequired\":true,\"valueName\":\"search_term_string\"}}],\"inLanguage\":\"en-US\"},{\"@type\":\"Organization\",\"@id\":\"https:\/\/alivira.com.br\/#organization\",\"name\":\"Alivira Brazil\",\"alternateName\":\"Alivira\",\"url\":\"https:\/\/alivira.com.br\/\",\"logo\":{\"@type\":\"ImageObject\",\"inLanguage\":\"en-US\",\"@id\":\"https:\/\/alivira.com.br\/#\/schema\/logo\/image\/\",\"url\":\"https:\/\/alivira.com.br\/wp-content\/uploads\/2025\/01\/Alivira-logo-4-1.png\",\"contentUrl\":\"https:\/\/alivira.com.br\/wp-content\/uploads\/2025\/01\/Alivira-logo-4-1.png\",\"width\":212,\"height\":244,\"caption\":\"Alivira Brazil\"},\"image\":{\"@id\":\"https:\/\/alivira.com.br\/#\/schema\/logo\/image\/\"},\"sameAs\":[\"https:\/\/www.facebook.com\/alivirabrasil\/\",\"https:\/\/www.instagram.com\/alivirabrasil\/\",\"https:\/\/br.linkedin.com\/company\/alivirabrasil\"]}]}<\/script>\n<!-- \/ Yoast SEO Premium plugin. -->","yoast_head_json":{"title":"Company - Alivira Brasil","robots":{"index":"index","follow":"follow","max-snippet":"max-snippet:-1","max-image-preview":"max-image-preview:large","max-video-preview":"max-video-preview:-1"},"canonical":"https:\/\/alivira.com.br\/en\/company\/","og_locale":"en_US","og_type":"article","og_title":"Company","og_description":"Company Who are we? Exclusivity, innovation, technology, quality and credibility are the keynotes of Alivira&#8217;s work philosophy, developing and manufacturing exclusive products to bring producers the best and most efficient solutions to their problems. The credibility of the Alivira team, from its management to its administrative and sales team, is recognized in the market for [&hellip;]","og_url":"https:\/\/alivira.com.br\/en\/company\/","og_site_name":"Alivira Brasil","article_publisher":"https:\/\/www.facebook.com\/alivirabrasil\/","article_modified_time":"2025-01-27T11:30:42+00:00","og_image":[{"width":212,"height":244,"url":"https:\/\/alivira.com.br\/wp-content\/uploads\/2024\/12\/Alivira-logo-4-2-1.png","type":"image\/png"}],"twitter_card":"summary_large_image","twitter_misc":{"Est. reading time":"2 minutes"},"schema":{"@context":"https:\/\/schema.org","@graph":[{"@type":"WebPage","@id":"https:\/\/alivira.com.br\/en\/company\/","url":"https:\/\/alivira.com.br\/en\/company\/","name":"Company - Alivira Brasil","isPartOf":{"@id":"https:\/\/alivira.com.br\/#website"},"primaryImageOfPage":{"@id":"https:\/\/alivira.com.br\/en\/company\/#primaryimage"},"image":{"@id":"https:\/\/alivira.com.br\/en\/company\/#primaryimage"},"thumbnailUrl":"https:\/\/alivira.com.br\/wp-content\/uploads\/2024\/12\/Alivira-logo-4-2-1.png","datePublished":"2024-12-19T08:05:13+00:00","dateModified":"2025-01-27T11:30:42+00:00","breadcrumb":{"@id":"https:\/\/alivira.com.br\/en\/company\/#breadcrumb"},"inLanguage":"en-US","potentialAction":[{"@type":"ReadAction","target":["https:\/\/alivira.com.br\/en\/company\/"]}]},{"@type":"ImageObject","inLanguage":"en-US","@id":"https:\/\/alivira.com.br\/en\/company\/#primaryimage","url":"https:\/\/alivira.com.br\/wp-content\/uploads\/2024\/12\/Alivira-logo-4-2-1.png","contentUrl":"https:\/\/alivira.com.br\/wp-content\/uploads\/2024\/12\/Alivira-logo-4-2-1.png"},{"@type":"BreadcrumbList","@id":"https:\/\/alivira.com.br\/en\/company\/#breadcrumb","itemListElement":[{"@type":"ListItem","position":1,"name":"Home","item":"https:\/\/alivira.com.br\/en\/"},{"@type":"ListItem","position":2,"name":"Company"}]},{"@type":"WebSite","@id":"https:\/\/alivira.com.br\/#website","url":"https:\/\/alivira.com.br\/","name":"Alivira Brazil","description":"","publisher":{"@id":"https:\/\/alivira.com.br\/#organization"},"potentialAction":[{"@type":"SearchAction","target":{"@type":"EntryPoint","urlTemplate":"https:\/\/alivira.com.br\/?s={search_term_string}"},"query-input":{"@type":"PropertyValueSpecification","valueRequired":true,"valueName":"search_term_string"}}],"inLanguage":"en-US"},{"@type":"Organization","@id":"https:\/\/alivira.com.br\/#organization","name":"Alivira Brazil","alternateName":"Alivira","url":"https:\/\/alivira.com.br\/","logo":{"@type":"ImageObject","inLanguage":"en-US","@id":"https:\/\/alivira.com.br\/#\/schema\/logo\/image\/","url":"https:\/\/alivira.com.br\/wp-content\/uploads\/2025\/01\/Alivira-logo-4-1.png","contentUrl":"https:\/\/alivira.com.br\/wp-content\/uploads\/2025\/01\/Alivira-logo-4-1.png","width":212,"height":244,"caption":"Alivira Brazil"},"image":{"@id":"https:\/\/alivira.com.br\/#\/schema\/logo\/image\/"},"sameAs":["https:\/\/www.facebook.com\/alivirabrasil\/","https:\/\/www.instagram.com\/alivirabrasil\/","https:\/\/br.linkedin.com\/company\/alivirabrasil"]}]}},"_links":{"self":[{"href":"https:\/\/alivira.com.br\/en\/wp-json\/wp\/v2\/pages\/409","targetHints":{"allow":["GET"]}}],"collection":[{"href":"https:\/\/alivira.com.br\/en\/wp-json\/wp\/v2\/pages"}],"about":[{"href":"https:\/\/alivira.com.br\/en\/wp-json\/wp\/v2\/types\/page"}],"author":[{"embeddable":true,"href":"https:\/\/alivira.com.br\/en\/wp-json\/wp\/v2\/users\/1"}],"replies":[{"embeddable":true,"href":"https:\/\/alivira.com.br\/en\/wp-json\/wp\/v2\/comments?post=409"}],"version-history":[{"count":0,"href":"https:\/\/alivira.com.br\/en\/wp-json\/wp\/v2\/pages\/409\/revisions"}],"wp:attachment":[{"href":"https:\/\/alivira.com.br\/en\/wp-json\/wp\/v2\/media?parent=409"}],"curies":[{"name":"wp","href":"https:\/\/api.w.org\/{rel}","templated":true}]}}