{"id":3804,"date":"2025-02-04T05:26:06","date_gmt":"2025-02-04T05:26:06","guid":{"rendered":"https:\/\/alivira.com.br\/?page_id=3804"},"modified":"2025-02-06T11:41:34","modified_gmt":"2025-02-06T11:41:34","slug":"privacy-policy","status":"publish","type":"page","link":"https:\/\/alivira.com.br\/es\/privacy-policy\/","title":{"rendered":"Privacy Policy"},"content":{"rendered":"\t\t<div data-elementor-type=\"wp-page\" data-elementor-id=\"3804\" class=\"elementor elementor-3804\" data-elementor-post-type=\"page\">\n\t\t\t\t<div class=\"elementor-element elementor-element-8cc1057 e-con-full e-flex e-con e-parent\" data-id=\"8cc1057\" data-element_type=\"container\" data-settings=\"{&quot;background_background&quot;:&quot;gradient&quot;}\">\n\t\t<div class=\"elementor-element elementor-element-4092a2a e-con-full e-flex e-con e-child\" data-id=\"4092a2a\" data-element_type=\"container\">\n\t\t\t\t<div class=\"elementor-element elementor-element-54a9d53 elementor-widget elementor-widget-heading\" data-id=\"54a9d53\" data-element_type=\"widget\" data-widget_type=\"heading.default\">\n\t\t\t\t\t<h1 class=\"elementor-heading-title elementor-size-default\">Pol\u00edtica <span class=\"gradient-text\"> de privacidad<\/span><\/h1>\t\t\t\t<\/div>\n\t\t\t\t<\/div>\n\t\t<div class=\"elementor-element elementor-element-f4f17b9 e-con-full elementor-hidden-mobile e-flex e-con e-child\" data-id=\"f4f17b9\" data-element_type=\"container\" data-settings=\"{&quot;background_background&quot;:&quot;classic&quot;}\">\n\t\t\t\t<\/div>\n\t\t\t\t<\/div>\n\t\t<div class=\"elementor-element elementor-element-7c079f5 e-flex e-con-boxed e-con e-parent\" data-id=\"7c079f5\" data-element_type=\"container\">\n\t\t\t\t\t<div class=\"e-con-inner\">\n\t\t\t\t<div class=\"elementor-element elementor-element-7351a55 elementor-widget elementor-widget-text-editor\" data-id=\"7351a55\" data-element_type=\"widget\" data-widget_type=\"text-editor.default\">\n\t\t\t\t\t\t\t\t\t<p>Alivira Sa\u00fade Animal Ltda. (Alivira Sa\u00fade Animal), con domicilio en Rua \u00c2ngelo Esteves, n\u00ba 51, inscrita en el CNPJ n\u00ba 60.371.010\/0001-65, se compromete a proteger y mantener la privacidad de los datos personales de sus clientes y usuarios (usted\/su) que visitan el sitio web www.alivira.com.br en sus versiones en portugu\u00e9s, ingl\u00e9s y espa\u00f1ol.<\/p><p>Esta pol\u00edtica de privacidad tiene como objetivo demostrar de manera transparente c\u00f3mo Alivira Sa\u00fade Animal trata los datos personales recopilados a trav\u00e9s del sitio web. Alivira Sa\u00fade Animal enfatiza que el sitio web tiene un car\u00e1cter institucional, es decir, funciona \u00fanicamente como fuente de informaci\u00f3n.<br \/>Para el tratamiento de los datos personales, Alivira Sa\u00fade Animal sigue todos los principios establecidos en la Ley 13.709\/2018, conocida como Ley General de Protecci\u00f3n de Datos (LGPD): Finalidad, Adecuaci\u00f3n, Necesidad, Libre Acceso, Calidad de los Datos, Transparencia, Seguridad, Prevenci\u00f3n, No Discriminaci\u00f3n, Responsabilidad y Rendici\u00f3n de Cuentas en relaci\u00f3n con el tratamiento de datos personales.<\/p>\t\t\t\t\t\t\t\t<\/div>\n\t\t\t\t<div class=\"elementor-element elementor-element-f9feb17 elementor-widget elementor-widget-text-editor\" data-id=\"f9feb17\" data-element_type=\"widget\" data-widget_type=\"text-editor.default\">\n\t\t\t\t\t\t\t\t\t<div style=\"font-weight: 600;\">SOBRE LA RECOPILACI\u00d3N DE DATOS PERSONALES<\/div><p>A trav\u00e9s de la p\u00e1gina \u201cContacto\u201d, Alivira Sa\u00fade Animal pone a disposici\u00f3n un canal de contacto general mediante correo electr\u00f3nico (contato@alivira.com.br) o tel\u00e9fono (+55 19 3757-1700) y, en el caso de la versi\u00f3n en portugu\u00e9s del sitio, un canal exclusivo para el env\u00edo de curr\u00edculos (rh@alivira.com.br). El tratamiento de datos personales en este canal se basa en su consentimiento.<br \/>Los datos recibidos por correo electr\u00f3nico permiten a Alivira Sa\u00fade Animal responder a sus solicitudes o recibir su curr\u00edculo. Alivira Sa\u00fade Animal informa que los datos son compartidos con empresas externas responsables del mantenimiento y almacenamiento de la informaci\u00f3n del sitio web de Alivira Sa\u00fade Animal. La empresa encargada del mantenimiento del sitio web tiene un contrato anual para realizar modificaciones y actualizaciones, como la inclusi\u00f3n y eliminaci\u00f3n de nuevos productos, cambios en textos, im\u00e1genes, dise\u00f1os, etc.<\/p><p>La empresa que almacena los datos del sitio web (servidor) se encuentra en los Estados Unidos y tiene la funci\u00f3n de conservar los datos del sitio web. Alivira Sa\u00fade Animal informa que estos datos personales no ser\u00e1n vendidos ni cedidos a terceros.<\/p><p>Tambi\u00e9n informa que los datos no se utilizar\u00e1n para el env\u00edo de publicidad ni para ninguna acci\u00f3n relacionada con la venta de sus productos.<\/p><p>Por obligaci\u00f3n legal, Alivira Sa\u00fade Animal podr\u00e1 compartir sus datos personales con empresas, organizaciones o individuos ajenos a Alivira Sa\u00fade Animal si, de buena fe, considera que el acceso, uso, conservaci\u00f3n o divulgaci\u00f3n de la informaci\u00f3n es necesario para:<\/p><p>a) Cumplir con cualquier legislaci\u00f3n, reglamentaci\u00f3n, orden judicial o solicitud gubernamental aplicable.<\/p><p>b) Hacer cumplir los T\u00e9rminos de Uso aplicables, incluida la investigaci\u00f3n de posibles violaciones.<\/p><p>c) Detectar, prevenir o abordar fraudes, problemas t\u00e9cnicos o de seguridad.<\/p><p>d) Proteger contra da\u00f1os a los derechos, la propiedad o la seguridad de nuestros usuarios o del p\u00fablico, seg\u00fan lo solicitado o permitido por la ley.<\/p>\t\t\t\t\t\t\t\t<\/div>\n\t\t\t\t<div class=\"elementor-element elementor-element-d2eedda elementor-widget elementor-widget-text-editor\" data-id=\"d2eedda\" data-element_type=\"widget\" data-widget_type=\"text-editor.default\">\n\t\t\t\t\t\t\t\t\t<div style=\"font-weight: 600;\">USO DE COOKIES<\/div><p>Las cookies son datos intercambiados entre su navegador web y un sitio web. Su uso permite una experiencia m\u00e1s r\u00e1pida y f\u00e1cil para el usuario.<\/p><p>Uno de los principales objetivos de las cookies es proporcionar una funci\u00f3n conveniente para ahorrar tiempo. Su prop\u00f3sito es informar al servidor web que usted ha regresado a una p\u00e1gina espec\u00edfica.<br \/>Usted tiene la opci\u00f3n de aceptar o rechazar las cookies. La mayor\u00eda de los navegadores web las aceptan autom\u00e1ticamente, pero normalmente puede modificar la configuraci\u00f3n de su navegador para rechazarlas si lo prefiere.<\/p><p>Alivira Sa\u00fade Animal utiliza tres tipos de cookies en su sitio web:<\/p><div style=\"font-weight: 600;\">Cookies estrictamente necesarias<\/div><p>Ayudan a que el sitio web sea utilizable, permitiendo funciones b\u00e1sicas como la navegaci\u00f3n y el acceso a \u00e1reas seguras del sitio. Sin estas cookies, el sitio no puede funcionar correctamente.<\/p><div style=\"font-weight: 600;\">Cookies de preferencias<\/div><p>Permiten recordar informaci\u00f3n que cambia la forma en que el sitio se comporta o se muestra, como su idioma preferido o la regi\u00f3n en la que se encuentra.<\/p><div style=\"font-weight: 600;\">Cookies estad\u00edsticas<\/div><p>Ayudan a los propietarios de sitios web a comprender c\u00f3mo interact\u00faan los visitantes con el sitio, recopilando y reportando informaci\u00f3n de forma an\u00f3nima.<\/p><p>Esta Pol\u00edtica de Cookies se aplica a cualquier sitio web, p\u00e1ginas de marca en plataformas de terceros (como Facebook, Instagram o LinkedIn) y aplicaciones a las que se acceda o se utilicen a trav\u00e9s dedichos sitios o plataformas de<br \/>terceros operadas por o en<br \/>nombre de Alivira Sa\u00fade Animal.<\/p>\t\t\t\t\t\t\t\t<\/div>\n\t\t\t\t<div class=\"elementor-element elementor-element-8acea4d elementor-widget elementor-widget-text-editor\" data-id=\"8acea4d\" data-element_type=\"widget\" data-widget_type=\"text-editor.default\">\n\t\t\t\t\t\t\t\t\t<div style=\"font-weight: 600;\">SUS DERECHOS SU CONSENTIMIENTO<\/div><p>Al utilizar nuestro sitio web, usted acepta nuestra pol\u00edtica de privacidad. Si tiene alguna pregunta sobre c\u00f3mo tratamos sus datos personales, puede ponerse en<br \/>contacto con nosotros a trav\u00e9s del correo electr\u00f3nico privacidade@alivira.com.br. En ciertas condiciones, usted tiene derecho a solicitar lo siguiente:<\/p><p>a) Confirmaci\u00f3n del tratamiento de sus datos.<br \/>b) Acceso a los datos.<br \/>c) Rectificaci\u00f3n de sus datos.<br \/>d) Eliminaci\u00f3n, bloqueo o anonimizaci\u00f3n de datos innecesarios, excesivos o procesados en violaci\u00f3n de la ley.<br \/>e) Posibilidad de portabilidad de los datos.<br \/>f) Eliminaci\u00f3n de los datos procesados con su consentimiento.<br \/>g) Informaci\u00f3n sobre el intercambio de datos.<br \/>h) Informaci\u00f3n sobre la posibilidad de denegar el consentimiento.<br \/>i) Revocaci\u00f3n del consentimiento.<br \/>j) Solicitar la revisi\u00f3n de decisiones que afecten sus intereses y que hayan sido tomadas exclusivamente mediante el tratamiento automatizado de sus datos<br \/>personales.<\/p><p>El ejercicio de estos derechos est\u00e1 sujeto a ciertas excepciones para proteger el inter\u00e9s p\u00fablico y nuestros propios intereses. Si ejerce alguno de estos derechos, verificaremos estas excepciones y responderemos oportunamente a su solicitud.<\/p>\t\t\t\t\t\t\t\t<\/div>\n\t\t\t\t<div class=\"elementor-element elementor-element-c4d1b13 elementor-widget elementor-widget-text-editor\" data-id=\"c4d1b13\" data-element_type=\"widget\" data-widget_type=\"text-editor.default\">\n\t\t\t\t\t\t\t\t\t<div style=\"font-weight: 600;\">DURACI\u00d3N DEL ALMACENAMIENTO DE DATOS<\/div><p>Alivira Sa\u00fade Animal conservar\u00e1 sus datos personales durante el tiempo necesario para la(s) finalidad(es) del procesamiento para la(s) que fueron recopilados y para cualquier otra finalidad vinculada permitida (por ejemplo, cuando Alivira Sa\u00fade Animal est\u00e9 obligada a retener datos personales por m\u00e1s tiempo del previsto originalmente para cumplir con ciertos requisitos regulatorios).<\/p>\t\t\t\t\t\t\t\t<\/div>\n\t\t\t\t<div class=\"elementor-element elementor-element-b38ee7a elementor-widget elementor-widget-text-editor\" data-id=\"b38ee7a\" data-element_type=\"widget\" data-widget_type=\"text-editor.default\">\n\t\t\t\t\t\t\t\t\t<div style=\"font-weight: 600;\">SEGURIDAD DE LA INFORMACI\u00d3N<\/div><p>Ninguna transmisi\u00f3n de datos por Internet o sitio web puede garantizarse como completamente segura contra intrusiones. No obstante, mantenemos salvaguardas f\u00edsicas, electr\u00f3nicas y procedimentales razonables para proteger sus datos personales de acuerdo con los requisitos legales de protecci\u00f3n de datos.<\/p><p>Toda la informaci\u00f3n que nos proporciona se almacena en servidores seguros nuestros o de nuestros subcontratistas y se accede y utiliza de acuerdo con nuestras pol\u00edticas y est\u00e1ndares de seguridad.<\/p>\t\t\t\t\t\t\t\t<\/div>\n\t\t\t\t<div class=\"elementor-element elementor-element-7347f81 elementor-widget elementor-widget-text-editor\" data-id=\"7347f81\" data-element_type=\"widget\" data-widget_type=\"text-editor.default\">\n\t\t\t\t\t\t\t\t\t<div style=\"font-weight: 600;\">TRANSFERENCIA INTERNACIONAL<\/div><p>Alivira Sa\u00fade Animal puede transferir sus datos personales a pa\u00edses distintos de aquel en el que usted se encuentra. En este caso, la transferencia internacional de los datos personales se realizar\u00e1<\/p><p>Cualquier problema relacionado con la privacidad y la protecci\u00f3n de datos puede reportarse al correo electr\u00f3nico privacidade@alivira.com.br. Esta pol\u00edtica de privacidad puede modificarse en cualquier momento.<br \/>31 de enero de 2025<br \/>REV_03<\/p>\t\t\t\t\t\t\t\t<\/div>\n\t\t\t\t\t<\/div>\n\t\t\t\t<\/div>\n\t\t\t\t<\/div>\n\t\t","protected":false},"excerpt":{"rendered":"<p>Pol\u00edtica de privacidad Alivira Sa\u00fade Animal Ltda. (Alivira Sa\u00fade Animal), con domicilio en Rua \u00c2ngelo Esteves, n\u00ba 51, inscrita en el CNPJ n\u00ba 60.371.010\/0001-65, se compromete a proteger y mantener la privacidad de los datos personales de sus clientes y usuarios (usted\/su) que visitan el sitio web www.alivira.com.br en sus versiones en portugu\u00e9s, ingl\u00e9s y [&hellip;]<\/p>\n","protected":false},"author":1,"featured_media":0,"parent":0,"menu_order":0,"comment_status":"closed","ping_status":"closed","template":"","meta":{"_acf_changed":false,"footnotes":""},"class_list":["post-3804","page","type-page","status-publish","hentry"],"acf":[],"yoast_head":"<!-- This site is optimized with the Yoast SEO Premium plugin v24.4 (Yoast SEO v25.9) - https:\/\/yoast.com\/wordpress\/plugins\/seo\/ -->\n<title>Privacy Policy - Alivira Brasil<\/title>\n<meta name=\"robots\" content=\"index, follow, max-snippet:-1, max-image-preview:large, max-video-preview:-1\" \/>\n<link rel=\"canonical\" href=\"https:\/\/alivira.com.br\/es\/privacy-policy\/\" \/>\n<meta property=\"og:locale\" content=\"es_ES\" \/>\n<meta property=\"og:type\" content=\"article\" \/>\n<meta property=\"og:title\" content=\"Privacy Policy\" \/>\n<meta property=\"og:description\" content=\"Pol\u00edtica de privacidad Alivira Sa\u00fade Animal Ltda. (Alivira Sa\u00fade Animal), con domicilio en Rua \u00c2ngelo Esteves, n\u00ba 51, inscrita en el CNPJ n\u00ba 60.371.010\/0001-65, se compromete a proteger y mantener la privacidad de los datos personales de sus clientes y usuarios (usted\/su) que visitan el sitio web www.alivira.com.br en sus versiones en portugu\u00e9s, ingl\u00e9s y [&hellip;]\" \/>\n<meta property=\"og:url\" content=\"https:\/\/alivira.com.br\/es\/privacy-policy\/\" \/>\n<meta property=\"og:site_name\" content=\"Alivira Brasil\" \/>\n<meta property=\"article:publisher\" content=\"https:\/\/www.facebook.com\/alivirabrasil\/\" \/>\n<meta property=\"article:modified_time\" content=\"2025-02-06T11:41:34+00:00\" \/>\n<meta name=\"twitter:card\" content=\"summary_large_image\" \/>\n<meta name=\"twitter:label1\" content=\"Tiempo de lectura\" \/>\n\t<meta name=\"twitter:data1\" content=\"6 minutos\" \/>\n<script type=\"application\/ld+json\" class=\"yoast-schema-graph\">{\"@context\":\"https:\/\/schema.org\",\"@graph\":[{\"@type\":\"WebPage\",\"@id\":\"https:\/\/alivira.com.br\/es\/privacy-policy\/\",\"url\":\"https:\/\/alivira.com.br\/es\/privacy-policy\/\",\"name\":\"Privacy Policy - Alivira Brasil\",\"isPartOf\":{\"@id\":\"https:\/\/alivira.com.br\/#website\"},\"datePublished\":\"2025-02-04T05:26:06+00:00\",\"dateModified\":\"2025-02-06T11:41:34+00:00\",\"breadcrumb\":{\"@id\":\"https:\/\/alivira.com.br\/es\/privacy-policy\/#breadcrumb\"},\"inLanguage\":\"es\",\"potentialAction\":[{\"@type\":\"ReadAction\",\"target\":[\"https:\/\/alivira.com.br\/es\/privacy-policy\/\"]}]},{\"@type\":\"BreadcrumbList\",\"@id\":\"https:\/\/alivira.com.br\/es\/privacy-policy\/#breadcrumb\",\"itemListElement\":[{\"@type\":\"ListItem\",\"position\":1,\"name\":\"Home\",\"item\":\"https:\/\/alivira.com.br\/\"},{\"@type\":\"ListItem\",\"position\":2,\"name\":\"Privacy Policy\"}]},{\"@type\":\"WebSite\",\"@id\":\"https:\/\/alivira.com.br\/#website\",\"url\":\"https:\/\/alivira.com.br\/\",\"name\":\"Alivira Brazil\",\"description\":\"\",\"publisher\":{\"@id\":\"https:\/\/alivira.com.br\/#organization\"},\"potentialAction\":[{\"@type\":\"SearchAction\",\"target\":{\"@type\":\"EntryPoint\",\"urlTemplate\":\"https:\/\/alivira.com.br\/?s={search_term_string}\"},\"query-input\":{\"@type\":\"PropertyValueSpecification\",\"valueRequired\":true,\"valueName\":\"search_term_string\"}}],\"inLanguage\":\"es\"},{\"@type\":\"Organization\",\"@id\":\"https:\/\/alivira.com.br\/#organization\",\"name\":\"Alivira Brazil\",\"alternateName\":\"Alivira\",\"url\":\"https:\/\/alivira.com.br\/\",\"logo\":{\"@type\":\"ImageObject\",\"inLanguage\":\"es\",\"@id\":\"https:\/\/alivira.com.br\/#\/schema\/logo\/image\/\",\"url\":\"https:\/\/alivira.com.br\/wp-content\/uploads\/2025\/01\/Alivira-logo-4-1.png\",\"contentUrl\":\"https:\/\/alivira.com.br\/wp-content\/uploads\/2025\/01\/Alivira-logo-4-1.png\",\"width\":212,\"height\":244,\"caption\":\"Alivira Brazil\"},\"image\":{\"@id\":\"https:\/\/alivira.com.br\/#\/schema\/logo\/image\/\"},\"sameAs\":[\"https:\/\/www.facebook.com\/alivirabrasil\/\",\"https:\/\/www.instagram.com\/alivirabrasil\/\",\"https:\/\/br.linkedin.com\/company\/alivirabrasil\"]}]}<\/script>\n<!-- \/ Yoast SEO Premium plugin. -->","yoast_head_json":{"title":"Privacy Policy - Alivira Brasil","robots":{"index":"index","follow":"follow","max-snippet":"max-snippet:-1","max-image-preview":"max-image-preview:large","max-video-preview":"max-video-preview:-1"},"canonical":"https:\/\/alivira.com.br\/es\/privacy-policy\/","og_locale":"es_ES","og_type":"article","og_title":"Privacy Policy","og_description":"Pol\u00edtica de privacidad Alivira Sa\u00fade Animal Ltda. (Alivira Sa\u00fade Animal), con domicilio en Rua \u00c2ngelo Esteves, n\u00ba 51, inscrita en el CNPJ n\u00ba 60.371.010\/0001-65, se compromete a proteger y mantener la privacidad de los datos personales de sus clientes y usuarios (usted\/su) que visitan el sitio web www.alivira.com.br en sus versiones en portugu\u00e9s, ingl\u00e9s y [&hellip;]","og_url":"https:\/\/alivira.com.br\/es\/privacy-policy\/","og_site_name":"Alivira Brasil","article_publisher":"https:\/\/www.facebook.com\/alivirabrasil\/","article_modified_time":"2025-02-06T11:41:34+00:00","twitter_card":"summary_large_image","twitter_misc":{"Tiempo de lectura":"6 minutos"},"schema":{"@context":"https:\/\/schema.org","@graph":[{"@type":"WebPage","@id":"https:\/\/alivira.com.br\/es\/privacy-policy\/","url":"https:\/\/alivira.com.br\/es\/privacy-policy\/","name":"Privacy Policy - Alivira Brasil","isPartOf":{"@id":"https:\/\/alivira.com.br\/#website"},"datePublished":"2025-02-04T05:26:06+00:00","dateModified":"2025-02-06T11:41:34+00:00","breadcrumb":{"@id":"https:\/\/alivira.com.br\/es\/privacy-policy\/#breadcrumb"},"inLanguage":"es","potentialAction":[{"@type":"ReadAction","target":["https:\/\/alivira.com.br\/es\/privacy-policy\/"]}]},{"@type":"BreadcrumbList","@id":"https:\/\/alivira.com.br\/es\/privacy-policy\/#breadcrumb","itemListElement":[{"@type":"ListItem","position":1,"name":"Home","item":"https:\/\/alivira.com.br\/"},{"@type":"ListItem","position":2,"name":"Privacy Policy"}]},{"@type":"WebSite","@id":"https:\/\/alivira.com.br\/#website","url":"https:\/\/alivira.com.br\/","name":"Alivira Brazil","description":"","publisher":{"@id":"https:\/\/alivira.com.br\/#organization"},"potentialAction":[{"@type":"SearchAction","target":{"@type":"EntryPoint","urlTemplate":"https:\/\/alivira.com.br\/?s={search_term_string}"},"query-input":{"@type":"PropertyValueSpecification","valueRequired":true,"valueName":"search_term_string"}}],"inLanguage":"es"},{"@type":"Organization","@id":"https:\/\/alivira.com.br\/#organization","name":"Alivira Brazil","alternateName":"Alivira","url":"https:\/\/alivira.com.br\/","logo":{"@type":"ImageObject","inLanguage":"es","@id":"https:\/\/alivira.com.br\/#\/schema\/logo\/image\/","url":"https:\/\/alivira.com.br\/wp-content\/uploads\/2025\/01\/Alivira-logo-4-1.png","contentUrl":"https:\/\/alivira.com.br\/wp-content\/uploads\/2025\/01\/Alivira-logo-4-1.png","width":212,"height":244,"caption":"Alivira Brazil"},"image":{"@id":"https:\/\/alivira.com.br\/#\/schema\/logo\/image\/"},"sameAs":["https:\/\/www.facebook.com\/alivirabrasil\/","https:\/\/www.instagram.com\/alivirabrasil\/","https:\/\/br.linkedin.com\/company\/alivirabrasil"]}]}},"_links":{"self":[{"href":"https:\/\/alivira.com.br\/es\/wp-json\/wp\/v2\/pages\/3804","targetHints":{"allow":["GET"]}}],"collection":[{"href":"https:\/\/alivira.com.br\/es\/wp-json\/wp\/v2\/pages"}],"about":[{"href":"https:\/\/alivira.com.br\/es\/wp-json\/wp\/v2\/types\/page"}],"author":[{"embeddable":true,"href":"https:\/\/alivira.com.br\/es\/wp-json\/wp\/v2\/users\/1"}],"replies":[{"embeddable":true,"href":"https:\/\/alivira.com.br\/es\/wp-json\/wp\/v2\/comments?post=3804"}],"version-history":[{"count":0,"href":"https:\/\/alivira.com.br\/es\/wp-json\/wp\/v2\/pages\/3804\/revisions"}],"wp:attachment":[{"href":"https:\/\/alivira.com.br\/es\/wp-json\/wp\/v2\/media?parent=3804"}],"curies":[{"name":"wp","href":"https:\/\/api.w.org\/{rel}","templated":true}]}}