{"id":519,"date":"2024-12-19T08:05:13","date_gmt":"2024-12-19T08:05:13","guid":{"rendered":"https:\/\/alivira.com.br\/empresa\/"},"modified":"2025-01-27T11:31:19","modified_gmt":"2025-01-27T11:31:19","slug":"empresa","status":"publish","type":"page","link":"https:\/\/alivira.com.br\/es\/empresa\/","title":{"rendered":"Empresa"},"content":{"rendered":"\t\t<div data-elementor-type=\"wp-page\" data-elementor-id=\"519\" class=\"elementor elementor-519 elementor-409\" data-elementor-post-type=\"page\">\n\t\t\t\t<div class=\"elementor-element elementor-element-35008dad e-con-full e-flex e-con e-parent\" data-id=\"35008dad\" data-element_type=\"container\" data-settings=\"{&quot;background_background&quot;:&quot;gradient&quot;}\">\n\t\t<div class=\"elementor-element elementor-element-21250c63 e-con-full e-flex e-con e-child\" data-id=\"21250c63\" data-element_type=\"container\">\n\t\t\t\t<div class=\"elementor-element elementor-element-3c6c1409 gradient-text elementor-widget elementor-widget-heading\" data-id=\"3c6c1409\" data-element_type=\"widget\" data-widget_type=\"heading.default\">\n\t\t\t\t\t<h1 class=\"elementor-heading-title elementor-size-default\">Empresa<\/h1>\t\t\t\t<\/div>\n\t\t\t\t<\/div>\n\t\t<div class=\"elementor-element elementor-element-144f7dea e-con-full elementor-hidden-mobile e-flex e-con e-child\" data-id=\"144f7dea\" data-element_type=\"container\" data-settings=\"{&quot;background_background&quot;:&quot;classic&quot;}\">\n\t\t\t\t<\/div>\n\t\t\t\t<\/div>\n\t\t<div class=\"elementor-element elementor-element-659305b e-flex e-con-boxed e-con e-parent\" data-id=\"659305b\" data-element_type=\"container\" data-settings=\"{&quot;background_background&quot;:&quot;classic&quot;}\">\n\t\t\t\t\t<div class=\"e-con-inner\">\n\t\t\t\t<div class=\"elementor-element elementor-element-81da145 gradient-text elementor-widget elementor-widget-heading\" data-id=\"81da145\" data-element_type=\"widget\" data-widget_type=\"heading.default\">\n\t\t\t\t\t<h2 class=\"elementor-heading-title elementor-size-default\">Nosotros<\/h2>\t\t\t\t<\/div>\n\t\t<div class=\"elementor-element elementor-element-5f3a04d e-con-full e-flex e-con e-child\" data-id=\"5f3a04d\" data-element_type=\"container\">\n\t\t<div class=\"elementor-element elementor-element-efaa85a e-con-full e-flex e-con e-child\" data-id=\"efaa85a\" data-element_type=\"container\" data-settings=\"{&quot;background_background&quot;:&quot;classic&quot;}\">\n\t\t\t\t<div class=\"elementor-element elementor-element-2c2d78e elementor-widget elementor-widget-text-editor\" data-id=\"2c2d78e\" data-element_type=\"widget\" data-widget_type=\"text-editor.default\">\n\t\t\t\t\t\t\t\t\t<p><span style=\"font-weight: 400;\">Exclusividad, innovaci\u00f3n, tecnolog\u00eda, calidad y credibilidad son las claves de la filosof\u00eda de trabajo de Alivira, desarrollando y fabricando productos exclusivos para acercar a los productores las mejores y m\u00e1s eficientes soluciones a sus problemas.<\/span><\/p>\n<p><span style=\"font-weight: 400;\">La credibilidad del equipo de Alivira, desde su gesti\u00f3n hasta su equipo administrativo y comercial, es reconocida en el mercado por d\u00e9cadas de buenos servicios prestados en apoyo a las cadenas productivas av\u00edcolas y porcinas.<\/span><\/p>\n\t\t\t\t\t\t\t\t<\/div>\n\t\t\t\t<\/div>\n\t\t<div class=\"elementor-element elementor-element-9f8fe40 e-con-full e-flex e-con e-child\" data-id=\"9f8fe40\" data-element_type=\"container\" data-settings=\"{&quot;background_background&quot;:&quot;classic&quot;}\">\n\t\t\t\t<div class=\"elementor-element elementor-element-b7e0195 elementor-widget elementor-widget-text-editor\" data-id=\"b7e0195\" data-element_type=\"widget\" data-widget_type=\"text-editor.default\">\n\t\t\t\t\t\t\t\t\t<p><span style=\"font-weight: 400;\">Opera como una de las filiales de Alivira Global, que forma parte de Sequent Group, la mayor empresa de salud animal de India y que en 2020 fue constituida por el fondo de inversi\u00f3n estadounidense Carlyle.<\/span><\/p>\n<p><span style=\"font-weight: 400;\">Fusiones, incorporaciones y adquisiciones a\u00f1aden valor al grupo en t\u00e9rminos de gesti\u00f3n corporativa, nuevas tecnolog\u00edas y mejor acceso a capital, materias primas e intercambio de productos.<\/span><\/p>\n\t\t\t\t\t\t\t\t<\/div>\n\t\t\t\t<\/div>\n\t\t<div class=\"elementor-element elementor-element-fece2b9 e-con-full e-flex e-con e-child\" data-id=\"fece2b9\" data-element_type=\"container\" data-settings=\"{&quot;background_background&quot;:&quot;classic&quot;}\">\n\t\t\t\t<div class=\"elementor-element elementor-element-21443d1 elementor-widget elementor-widget-text-editor\" data-id=\"21443d1\" data-element_type=\"widget\" data-widget_type=\"text-editor.default\">\n\t\t\t\t\t\t\t\t\t<p><span style=\"font-weight: 400;\">En 2022, con el objetivo de ampliar su alcance en el mercado, adquiri\u00f3 la empresa Nourrie Sa\u00fade e Nutri\u00e7\u00e3o Animal, especializada y dedicada al desarrollo, fabricaci\u00f3n y comercializaci\u00f3n de productos para mascotas, con sede en Uberl\u00e2ndia\/MG.<\/span><\/p>\n<p><span style=\"font-weight: 400;\">En los \u00faltimos a\u00f1os, Alivira Group converti\u00f3 en la empresa de salud animal m\u00e1s grande de la India, con presencia en m\u00e1s de 100 pa\u00edses.<\/span><\/p>\n\t\t\t\t\t\t\t\t<\/div>\n\t\t\t\t<\/div>\n\t\t\t\t<\/div>\n\t\t<div class=\"elementor-element elementor-element-7b8e3a1 e-con-full e-flex e-con e-child\" data-id=\"7b8e3a1\" data-element_type=\"container\">\n\t\t<div class=\"elementor-element elementor-element-c68bcf3 e-con-full e-flex e-con e-child\" data-id=\"c68bcf3\" data-element_type=\"container\" data-settings=\"{&quot;background_background&quot;:&quot;classic&quot;}\">\n\t\t\t\t<div class=\"elementor-element elementor-element-953794e elementor-widget elementor-widget-text-editor\" data-id=\"953794e\" data-element_type=\"widget\" data-widget_type=\"text-editor.default\">\n\t\t\t\t\t\t\t\t\t<p><span style=\"font-weight: 400;\">Nuestro logotipo est\u00e1 inspirado en la naturaleza y sus diferentes formas, desde una vista microsc\u00f3pica de la textura de la piel hasta la huella de un animal. La forma circular evoca la idea de protecci\u00f3n y control. Es un formato cerrado, perfecto y naturalmente equilibrado, que recuerda la idea de la marca \u201cFuente de Salud de los Animales\u201d. El nombre, pronunciado A-lee-vee-rah, es una variante de dos palabras latinas, Elvira, que significa \u00abblanco, puro, limpio\u00bb y Alleviare, que significa \u00abalivio\u00bb. Habla de nuestro compromiso de mejorar la vida y el bienestar de los animales en todas las etapas. \u00a1Somos Alivira! Nuestro enfoque en I+D nos lleva a\u00fan m\u00e1s lejos y estamos comprometidos a aplicar recursos de vanguardia para mejorar la salud y el bienestar en cada etapa de la vida de los animales. En todos nuestros procesos estamos comprometidos con la calidad estrictos est\u00e1ndares regulatorios, pero adem\u00e1s, estamos comprometidos con la seguridad.        <\/span><\/p>\n\t\t\t\t\t\t\t\t<\/div>\n\t\t\t\t<\/div>\n\t\t<div class=\"elementor-element elementor-element-ac87983 e-con-full e-flex e-con e-child\" data-id=\"ac87983\" data-element_type=\"container\" data-settings=\"{&quot;background_background&quot;:&quot;classic&quot;}\">\n\t\t\t\t<div class=\"elementor-element elementor-element-2dcef94 elementor-widget elementor-widget-image\" data-id=\"2dcef94\" data-element_type=\"widget\" data-widget_type=\"image.default\">\n\t\t\t\t\t\t\t\t\t\t\t\t\t\t\t<img fetchpriority=\"high\" decoding=\"async\" width=\"212\" height=\"244\" src=\"https:\/\/alivira.com.br\/wp-content\/uploads\/2024\/12\/Alivira-logo-4-2-1.png\" class=\"attachment-large size-large wp-image-1387\" alt=\"\" \/>\t\t\t\t\t\t\t\t\t\t\t\t\t\t\t<\/div>\n\t\t\t\t<\/div>\n\t\t\t\t<\/div>\n\t\t\t\t\t<\/div>\n\t\t\t\t<\/div>\n\t\t\t\t<\/div>\n\t\t","protected":false},"excerpt":{"rendered":"<p>Empresa Nosotros Exclusividad, innovaci\u00f3n, tecnolog\u00eda, calidad y credibilidad son las claves de la filosof\u00eda de trabajo de Alivira, desarrollando y fabricando productos exclusivos para acercar a los productores las mejores y m\u00e1s eficientes soluciones a sus problemas. La credibilidad del equipo de Alivira, desde su gesti\u00f3n hasta su equipo administrativo y comercial, es reconocida en [&hellip;]<\/p>\n","protected":false},"author":1,"featured_media":0,"parent":0,"menu_order":0,"comment_status":"closed","ping_status":"closed","template":"","meta":{"_acf_changed":false,"footnotes":""},"class_list":["post-519","page","type-page","status-publish","hentry"],"acf":[],"yoast_head":"<!-- This site is optimized with the Yoast SEO Premium plugin v24.4 (Yoast SEO v25.9) - https:\/\/yoast.com\/wordpress\/plugins\/seo\/ -->\n<title>Empresa - Alivira Brasil<\/title>\n<meta name=\"robots\" content=\"index, follow, max-snippet:-1, max-image-preview:large, max-video-preview:-1\" \/>\n<link rel=\"canonical\" href=\"https:\/\/alivira.com.br\/es\/empresa\/\" \/>\n<meta property=\"og:locale\" content=\"es_ES\" \/>\n<meta property=\"og:type\" content=\"article\" \/>\n<meta property=\"og:title\" content=\"Empresa\" \/>\n<meta property=\"og:description\" content=\"Empresa Nosotros Exclusividad, innovaci\u00f3n, tecnolog\u00eda, calidad y credibilidad son las claves de la filosof\u00eda de trabajo de Alivira, desarrollando y fabricando productos exclusivos para acercar a los productores las mejores y m\u00e1s eficientes soluciones a sus problemas. La credibilidad del equipo de Alivira, desde su gesti\u00f3n hasta su equipo administrativo y comercial, es reconocida en [&hellip;]\" \/>\n<meta property=\"og:url\" content=\"https:\/\/alivira.com.br\/es\/empresa\/\" \/>\n<meta property=\"og:site_name\" content=\"Alivira Brasil\" \/>\n<meta property=\"article:publisher\" content=\"https:\/\/www.facebook.com\/alivirabrasil\/\" \/>\n<meta property=\"article:modified_time\" content=\"2025-01-27T11:31:19+00:00\" \/>\n<meta property=\"og:image\" content=\"https:\/\/alivira.com.br\/wp-content\/uploads\/2024\/12\/Alivira-logo-4-2-1.png\" \/>\n\t<meta property=\"og:image:width\" content=\"212\" \/>\n\t<meta property=\"og:image:height\" content=\"244\" \/>\n\t<meta property=\"og:image:type\" content=\"image\/png\" \/>\n<meta name=\"twitter:card\" content=\"summary_large_image\" \/>\n<meta name=\"twitter:label1\" content=\"Tiempo de lectura\" \/>\n\t<meta name=\"twitter:data1\" content=\"2 minutos\" \/>\n<script type=\"application\/ld+json\" class=\"yoast-schema-graph\">{\"@context\":\"https:\/\/schema.org\",\"@graph\":[{\"@type\":\"WebPage\",\"@id\":\"https:\/\/alivira.com.br\/es\/empresa\/\",\"url\":\"https:\/\/alivira.com.br\/es\/empresa\/\",\"name\":\"Empresa - Alivira Brasil\",\"isPartOf\":{\"@id\":\"https:\/\/alivira.com.br\/#website\"},\"primaryImageOfPage\":{\"@id\":\"https:\/\/alivira.com.br\/es\/empresa\/#primaryimage\"},\"image\":{\"@id\":\"https:\/\/alivira.com.br\/es\/empresa\/#primaryimage\"},\"thumbnailUrl\":\"https:\/\/alivira.com.br\/wp-content\/uploads\/2024\/12\/Alivira-logo-4-2-1.png\",\"datePublished\":\"2024-12-19T08:05:13+00:00\",\"dateModified\":\"2025-01-27T11:31:19+00:00\",\"breadcrumb\":{\"@id\":\"https:\/\/alivira.com.br\/es\/empresa\/#breadcrumb\"},\"inLanguage\":\"es\",\"potentialAction\":[{\"@type\":\"ReadAction\",\"target\":[\"https:\/\/alivira.com.br\/es\/empresa\/\"]}]},{\"@type\":\"ImageObject\",\"inLanguage\":\"es\",\"@id\":\"https:\/\/alivira.com.br\/es\/empresa\/#primaryimage\",\"url\":\"https:\/\/alivira.com.br\/wp-content\/uploads\/2024\/12\/Alivira-logo-4-2-1.png\",\"contentUrl\":\"https:\/\/alivira.com.br\/wp-content\/uploads\/2024\/12\/Alivira-logo-4-2-1.png\"},{\"@type\":\"BreadcrumbList\",\"@id\":\"https:\/\/alivira.com.br\/es\/empresa\/#breadcrumb\",\"itemListElement\":[{\"@type\":\"ListItem\",\"position\":1,\"name\":\"Home\",\"item\":\"https:\/\/alivira.com.br\/\"},{\"@type\":\"ListItem\",\"position\":2,\"name\":\"Empresa\"}]},{\"@type\":\"WebSite\",\"@id\":\"https:\/\/alivira.com.br\/#website\",\"url\":\"https:\/\/alivira.com.br\/\",\"name\":\"Alivira Brazil\",\"description\":\"\",\"publisher\":{\"@id\":\"https:\/\/alivira.com.br\/#organization\"},\"potentialAction\":[{\"@type\":\"SearchAction\",\"target\":{\"@type\":\"EntryPoint\",\"urlTemplate\":\"https:\/\/alivira.com.br\/?s={search_term_string}\"},\"query-input\":{\"@type\":\"PropertyValueSpecification\",\"valueRequired\":true,\"valueName\":\"search_term_string\"}}],\"inLanguage\":\"es\"},{\"@type\":\"Organization\",\"@id\":\"https:\/\/alivira.com.br\/#organization\",\"name\":\"Alivira Brazil\",\"alternateName\":\"Alivira\",\"url\":\"https:\/\/alivira.com.br\/\",\"logo\":{\"@type\":\"ImageObject\",\"inLanguage\":\"es\",\"@id\":\"https:\/\/alivira.com.br\/#\/schema\/logo\/image\/\",\"url\":\"https:\/\/alivira.com.br\/wp-content\/uploads\/2025\/01\/Alivira-logo-4-1.png\",\"contentUrl\":\"https:\/\/alivira.com.br\/wp-content\/uploads\/2025\/01\/Alivira-logo-4-1.png\",\"width\":212,\"height\":244,\"caption\":\"Alivira Brazil\"},\"image\":{\"@id\":\"https:\/\/alivira.com.br\/#\/schema\/logo\/image\/\"},\"sameAs\":[\"https:\/\/www.facebook.com\/alivirabrasil\/\",\"https:\/\/www.instagram.com\/alivirabrasil\/\",\"https:\/\/br.linkedin.com\/company\/alivirabrasil\"]}]}<\/script>\n<!-- \/ Yoast SEO Premium plugin. -->","yoast_head_json":{"title":"Empresa - Alivira Brasil","robots":{"index":"index","follow":"follow","max-snippet":"max-snippet:-1","max-image-preview":"max-image-preview:large","max-video-preview":"max-video-preview:-1"},"canonical":"https:\/\/alivira.com.br\/es\/empresa\/","og_locale":"es_ES","og_type":"article","og_title":"Empresa","og_description":"Empresa Nosotros Exclusividad, innovaci\u00f3n, tecnolog\u00eda, calidad y credibilidad son las claves de la filosof\u00eda de trabajo de Alivira, desarrollando y fabricando productos exclusivos para acercar a los productores las mejores y m\u00e1s eficientes soluciones a sus problemas. La credibilidad del equipo de Alivira, desde su gesti\u00f3n hasta su equipo administrativo y comercial, es reconocida en [&hellip;]","og_url":"https:\/\/alivira.com.br\/es\/empresa\/","og_site_name":"Alivira Brasil","article_publisher":"https:\/\/www.facebook.com\/alivirabrasil\/","article_modified_time":"2025-01-27T11:31:19+00:00","og_image":[{"width":212,"height":244,"url":"https:\/\/alivira.com.br\/wp-content\/uploads\/2024\/12\/Alivira-logo-4-2-1.png","type":"image\/png"}],"twitter_card":"summary_large_image","twitter_misc":{"Tiempo de lectura":"2 minutos"},"schema":{"@context":"https:\/\/schema.org","@graph":[{"@type":"WebPage","@id":"https:\/\/alivira.com.br\/es\/empresa\/","url":"https:\/\/alivira.com.br\/es\/empresa\/","name":"Empresa - Alivira Brasil","isPartOf":{"@id":"https:\/\/alivira.com.br\/#website"},"primaryImageOfPage":{"@id":"https:\/\/alivira.com.br\/es\/empresa\/#primaryimage"},"image":{"@id":"https:\/\/alivira.com.br\/es\/empresa\/#primaryimage"},"thumbnailUrl":"https:\/\/alivira.com.br\/wp-content\/uploads\/2024\/12\/Alivira-logo-4-2-1.png","datePublished":"2024-12-19T08:05:13+00:00","dateModified":"2025-01-27T11:31:19+00:00","breadcrumb":{"@id":"https:\/\/alivira.com.br\/es\/empresa\/#breadcrumb"},"inLanguage":"es","potentialAction":[{"@type":"ReadAction","target":["https:\/\/alivira.com.br\/es\/empresa\/"]}]},{"@type":"ImageObject","inLanguage":"es","@id":"https:\/\/alivira.com.br\/es\/empresa\/#primaryimage","url":"https:\/\/alivira.com.br\/wp-content\/uploads\/2024\/12\/Alivira-logo-4-2-1.png","contentUrl":"https:\/\/alivira.com.br\/wp-content\/uploads\/2024\/12\/Alivira-logo-4-2-1.png"},{"@type":"BreadcrumbList","@id":"https:\/\/alivira.com.br\/es\/empresa\/#breadcrumb","itemListElement":[{"@type":"ListItem","position":1,"name":"Home","item":"https:\/\/alivira.com.br\/"},{"@type":"ListItem","position":2,"name":"Empresa"}]},{"@type":"WebSite","@id":"https:\/\/alivira.com.br\/#website","url":"https:\/\/alivira.com.br\/","name":"Alivira Brazil","description":"","publisher":{"@id":"https:\/\/alivira.com.br\/#organization"},"potentialAction":[{"@type":"SearchAction","target":{"@type":"EntryPoint","urlTemplate":"https:\/\/alivira.com.br\/?s={search_term_string}"},"query-input":{"@type":"PropertyValueSpecification","valueRequired":true,"valueName":"search_term_string"}}],"inLanguage":"es"},{"@type":"Organization","@id":"https:\/\/alivira.com.br\/#organization","name":"Alivira Brazil","alternateName":"Alivira","url":"https:\/\/alivira.com.br\/","logo":{"@type":"ImageObject","inLanguage":"es","@id":"https:\/\/alivira.com.br\/#\/schema\/logo\/image\/","url":"https:\/\/alivira.com.br\/wp-content\/uploads\/2025\/01\/Alivira-logo-4-1.png","contentUrl":"https:\/\/alivira.com.br\/wp-content\/uploads\/2025\/01\/Alivira-logo-4-1.png","width":212,"height":244,"caption":"Alivira Brazil"},"image":{"@id":"https:\/\/alivira.com.br\/#\/schema\/logo\/image\/"},"sameAs":["https:\/\/www.facebook.com\/alivirabrasil\/","https:\/\/www.instagram.com\/alivirabrasil\/","https:\/\/br.linkedin.com\/company\/alivirabrasil"]}]}},"_links":{"self":[{"href":"https:\/\/alivira.com.br\/es\/wp-json\/wp\/v2\/pages\/519","targetHints":{"allow":["GET"]}}],"collection":[{"href":"https:\/\/alivira.com.br\/es\/wp-json\/wp\/v2\/pages"}],"about":[{"href":"https:\/\/alivira.com.br\/es\/wp-json\/wp\/v2\/types\/page"}],"author":[{"embeddable":true,"href":"https:\/\/alivira.com.br\/es\/wp-json\/wp\/v2\/users\/1"}],"replies":[{"embeddable":true,"href":"https:\/\/alivira.com.br\/es\/wp-json\/wp\/v2\/comments?post=519"}],"version-history":[{"count":0,"href":"https:\/\/alivira.com.br\/es\/wp-json\/wp\/v2\/pages\/519\/revisions"}],"wp:attachment":[{"href":"https:\/\/alivira.com.br\/es\/wp-json\/wp\/v2\/media?parent=519"}],"curies":[{"name":"wp","href":"https:\/\/api.w.org\/{rel}","templated":true}]}}