{"id":586,"date":"2024-12-19T11:15:02","date_gmt":"2024-12-19T11:15:02","guid":{"rendered":"https:\/\/alivira.com.br\/contactenos\/"},"modified":"2025-01-31T11:29:53","modified_gmt":"2025-01-31T11:29:53","slug":"contactenos","status":"publish","type":"page","link":"https:\/\/alivira.com.br\/es\/contactenos\/","title":{"rendered":"CONT\u00c1CTENOS"},"content":{"rendered":"\t\t<div data-elementor-type=\"wp-page\" data-elementor-id=\"586\" class=\"elementor elementor-586 elementor-537\" data-elementor-post-type=\"page\">\n\t\t\t\t<div class=\"elementor-element elementor-element-2d1f470b e-con-full e-flex e-con e-parent\" data-id=\"2d1f470b\" data-element_type=\"container\" data-settings=\"{&quot;background_background&quot;:&quot;gradient&quot;}\">\n\t\t<div class=\"elementor-element elementor-element-4c6f625a e-con-full e-flex e-con e-child\" data-id=\"4c6f625a\" data-element_type=\"container\">\n\t\t\t\t<div class=\"elementor-element elementor-element-1b76ac00 gradient-text elementor-widget elementor-widget-heading\" data-id=\"1b76ac00\" data-element_type=\"widget\" data-widget_type=\"heading.default\">\n\t\t\t\t\t<h1 class=\"elementor-heading-title elementor-size-default\">Contacto<\/h1>\t\t\t\t<\/div>\n\t\t\t\t<\/div>\n\t\t<div class=\"elementor-element elementor-element-7f084578 e-con-full elementor-hidden-mobile e-flex e-con e-child\" data-id=\"7f084578\" data-element_type=\"container\" data-settings=\"{&quot;background_background&quot;:&quot;classic&quot;}\">\n\t\t\t\t<\/div>\n\t\t\t\t<\/div>\n\t\t<div class=\"elementor-element elementor-element-7ed04c29 elementor-hidden-desktop elementor-hidden-tablet elementor-hidden-mobile e-flex e-con-boxed e-con e-parent\" data-id=\"7ed04c29\" data-element_type=\"container\">\n\t\t\t\t\t<div class=\"e-con-inner\">\n\t\t<div class=\"elementor-element elementor-element-28e23668 e-con-full e-flex e-con e-child\" data-id=\"28e23668\" data-element_type=\"container\">\n\t\t\t\t<div class=\"elementor-element elementor-element-2b86210f gradient-text elementor-widget elementor-widget-heading\" data-id=\"2b86210f\" data-element_type=\"widget\" data-widget_type=\"heading.default\">\n\t\t\t\t\t<h2 class=\"elementor-heading-title elementor-size-default\">Contacto<\/h2>\t\t\t\t<\/div>\n\t\t\t\t<div class=\"elementor-element elementor-element-4894098 elementor-widget elementor-widget-google_maps\" data-id=\"4894098\" data-element_type=\"widget\" data-widget_type=\"google_maps.default\">\n\t\t\t\t\t\t\t<div class=\"elementor-custom-embed\">\n\t\t\t<iframe loading=\"lazy\"\n\t\t\t\t\tsrc=\"https:\/\/maps.google.com\/maps?q=Jardim%20Myrian%20Moreira%20da%20Costa%2C%20Campinas%20%E2%80%93%20SP&#038;t=m&#038;z=15&#038;output=embed&#038;iwloc=near\"\n\t\t\t\t\ttitle=\"Jardim Myrian Moreira da Costa, Campinas \u2013 SP\"\n\t\t\t\t\taria-label=\"Jardim Myrian Moreira da Costa, Campinas \u2013 SP\"\n\t\t\t><\/iframe>\n\t\t<\/div>\n\t\t\t\t\t\t<\/div>\n\t\t\t\t<\/div>\n\t\t<div class=\"elementor-element elementor-element-296c8375 e-con-full e-flex e-con e-child\" data-id=\"296c8375\" data-element_type=\"container\" data-settings=\"{&quot;background_background&quot;:&quot;classic&quot;}\">\n\t\t\t\t<div class=\"elementor-element elementor-element-78fde349 elementor-widget elementor-widget-image\" data-id=\"78fde349\" data-element_type=\"widget\" data-widget_type=\"image.default\">\n\t\t\t\t\t\t\t\t\t\t\t\t\t\t\t<img fetchpriority=\"high\" decoding=\"async\" width=\"212\" height=\"244\" src=\"https:\/\/alivira.com.br\/wp-content\/uploads\/2024\/12\/Alivira-logo-4.png\" class=\"attachment-medium size-medium wp-image-48\" alt=\"\" \/>\t\t\t\t\t\t\t\t\t\t\t\t\t\t\t<\/div>\n\t\t\t\t<div class=\"elementor-element elementor-element-3c00ad60 elementor-widget elementor-widget-icon-box\" data-id=\"3c00ad60\" data-element_type=\"widget\" data-widget_type=\"icon-box.default\">\n\t\t\t\t\t\t\t<div class=\"elementor-icon-box-wrapper\">\n\n\t\t\t\n\t\t\t\t\t\t<div class=\"elementor-icon-box-content\">\n\n\t\t\t\t\t\t\t\t\t<h3 class=\"elementor-icon-box-title\">\n\t\t\t\t\t\t<span  >\n\t\t\t\t\t\t\tALIVIRA SA\u00daDE ANIMAL\t\t\t\t\t\t<\/span>\n\t\t\t\t\t<\/h3>\n\t\t\t\t\n\t\t\t\t\n\t\t\t<\/div>\n\t\t\t\n\t\t<\/div>\n\t\t\t\t\t\t<\/div>\n\t\t\t\t<div class=\"elementor-element elementor-element-5ded6cb0 elementor-widget elementor-widget-icon-box\" data-id=\"5ded6cb0\" data-element_type=\"widget\" data-widget_type=\"icon-box.default\">\n\t\t\t\t\t\t\t<div class=\"elementor-icon-box-wrapper\">\n\n\t\t\t\n\t\t\t\t\t\t<div class=\"elementor-icon-box-content\">\n\n\t\t\t\t\t\t\t\t\t<h3 class=\"elementor-icon-box-title\">\n\t\t\t\t\t\t<span  >\n\t\t\t\t\t\t\tE-mail:\t\t\t\t\t\t<\/span>\n\t\t\t\t\t<\/h3>\n\t\t\t\t\n\t\t\t\t\t\t\t\t\t<p class=\"elementor-icon-box-description\">\n\t\t\t\t\t\tcontato@alivira.com.br \t\t\t\t\t<\/p>\n\t\t\t\t\n\t\t\t<\/div>\n\t\t\t\n\t\t<\/div>\n\t\t\t\t\t\t<\/div>\n\t\t\t\t<div class=\"elementor-element elementor-element-d7b10cd elementor-widget elementor-widget-icon-box\" data-id=\"d7b10cd\" data-element_type=\"widget\" data-widget_type=\"icon-box.default\">\n\t\t\t\t\t\t\t<div class=\"elementor-icon-box-wrapper\">\n\n\t\t\t\n\t\t\t\t\t\t<div class=\"elementor-icon-box-content\">\n\n\t\t\t\t\t\t\t\t\t<h3 class=\"elementor-icon-box-title\">\n\t\t\t\t\t\t<span  >\n\t\t\t\t\t\t\tFax:\t\t\t\t\t\t<\/span>\n\t\t\t\t\t<\/h3>\n\t\t\t\t\n\t\t\t\t\t\t\t\t\t<p class=\"elementor-icon-box-description\">\n\t\t\t\t\t\t  +55 (19) 3757-1700\n\t\t\t\t\t<\/p>\n\t\t\t\t\n\t\t\t<\/div>\n\t\t\t\n\t\t<\/div>\n\t\t\t\t\t\t<\/div>\n\t\t\t\t<div class=\"elementor-element elementor-element-ad91d16 elementor-widget elementor-widget-icon-box\" data-id=\"ad91d16\" data-element_type=\"widget\" data-widget_type=\"icon-box.default\">\n\t\t\t\t\t\t\t<div class=\"elementor-icon-box-wrapper\">\n\n\t\t\t\n\t\t\t\t\t\t<div class=\"elementor-icon-box-content\">\n\n\t\t\t\t\t\t\t\t\t<h3 class=\"elementor-icon-box-title\">\n\t\t\t\t\t\t<span  >\n\t\t\t\t\t\t\tDirecci\u00f3n:\t\t\t\t\t\t<\/span>\n\t\t\t\t\t<\/h3>\n\t\t\t\t\n\t\t\t\t\t\t\t\t\t<p class=\"elementor-icon-box-description\">\n\t\t\t\t\t\tRua Jo\u00e3o Baptista de Queiroz Jr., 447, Jardim Myriam<br>CEP 13098-415<br>Campinas\/SP<br>Brasil \t\t\t\t\t<\/p>\n\t\t\t\t\n\t\t\t<\/div>\n\t\t\t\n\t\t<\/div>\n\t\t\t\t\t\t<\/div>\n\t\t\t\t<\/div>\n\t\t\t\t\t<\/div>\n\t\t\t\t<\/div>\n\t\t<div class=\"elementor-element elementor-element-dd32221 e-flex e-con-boxed e-con e-parent\" data-id=\"dd32221\" data-element_type=\"container\">\n\t\t\t\t\t<div class=\"e-con-inner\">\n\t\t<div class=\"elementor-element elementor-element-019d696 e-con-full e-flex e-con e-child\" data-id=\"019d696\" data-element_type=\"container\">\n\t\t\t\t<div class=\"elementor-element elementor-element-2f674c8 elementor-widget elementor-widget-image\" data-id=\"2f674c8\" data-element_type=\"widget\" data-widget_type=\"image.default\">\n\t\t\t\t\t\t\t\t\t\t\t\t\t\t\t<img fetchpriority=\"high\" decoding=\"async\" width=\"212\" height=\"244\" src=\"https:\/\/alivira.com.br\/wp-content\/uploads\/2024\/12\/Alivira-logo-4.png\" class=\"attachment-medium size-medium wp-image-48\" alt=\"\" \/>\t\t\t\t\t\t\t\t\t\t\t\t\t\t\t<\/div>\n\t\t\t\t<div class=\"elementor-element elementor-element-8e3b3f4 elementor-widget elementor-widget-icon-box\" data-id=\"8e3b3f4\" data-element_type=\"widget\" data-widget_type=\"icon-box.default\">\n\t\t\t\t\t\t\t<div class=\"elementor-icon-box-wrapper\">\n\n\t\t\t\n\t\t\t\t\t\t<div class=\"elementor-icon-box-content\">\n\n\t\t\t\t\t\t\t\t\t<h3 class=\"elementor-icon-box-title\">\n\t\t\t\t\t\t<span  >\n\t\t\t\t\t\t\tALIVIRA SA\u00daDE ANIMAL\t\t\t\t\t\t<\/span>\n\t\t\t\t\t<\/h3>\n\t\t\t\t\n\t\t\t\t\n\t\t\t<\/div>\n\t\t\t\n\t\t<\/div>\n\t\t\t\t\t\t<\/div>\n\t\t<div class=\"elementor-element elementor-element-a333da3 e-con-full e-flex e-con e-child\" data-id=\"a333da3\" data-element_type=\"container\">\n\t\t\t\t<div class=\"elementor-element elementor-element-afe6a21 elementor-widget__width-initial elementor-widget-mobile__width-inherit elementor-widget elementor-widget-icon-box\" data-id=\"afe6a21\" data-element_type=\"widget\" data-widget_type=\"icon-box.default\">\n\t\t\t\t\t\t\t<div class=\"elementor-icon-box-wrapper\">\n\n\t\t\t\n\t\t\t\t\t\t<div class=\"elementor-icon-box-content\">\n\n\t\t\t\t\t\t\t\t\t<h3 class=\"elementor-icon-box-title\">\n\t\t\t\t\t\t<span  >\n\t\t\t\t\t\t\tE-mail:\t\t\t\t\t\t<\/span>\n\t\t\t\t\t<\/h3>\n\t\t\t\t\n\t\t\t\t\t\t\t\t\t<p class=\"elementor-icon-box-description\">\n\t\t\t\t\t\tcontato@alivira.com.br \t\t\t\t\t<\/p>\n\t\t\t\t\n\t\t\t<\/div>\n\t\t\t\n\t\t<\/div>\n\t\t\t\t\t\t<\/div>\n\t\t\t\t<div class=\"elementor-element elementor-element-b7ea732 elementor-widget__width-initial elementor-widget-mobile__width-inherit elementor-widget elementor-widget-icon-box\" data-id=\"b7ea732\" data-element_type=\"widget\" data-widget_type=\"icon-box.default\">\n\t\t\t\t\t\t\t<div class=\"elementor-icon-box-wrapper\">\n\n\t\t\t\n\t\t\t\t\t\t<div class=\"elementor-icon-box-content\">\n\n\t\t\t\t\t\t\t\t\t<h3 class=\"elementor-icon-box-title\">\n\t\t\t\t\t\t<span  >\n\t\t\t\t\t\t\tTel\u00e9fono:\t\t\t\t\t\t<\/span>\n\t\t\t\t\t<\/h3>\n\t\t\t\t\n\t\t\t\t\t\t\t\t\t<p class=\"elementor-icon-box-description\">\n\t\t\t\t\t\t  +55 (19) 3757-1700\n\t\t\t\t\t<\/p>\n\t\t\t\t\n\t\t\t<\/div>\n\t\t\t\n\t\t<\/div>\n\t\t\t\t\t\t<\/div>\n\t\t\t\t<div class=\"elementor-element elementor-element-077c2a3 elementor-widget__width-initial elementor-widget-mobile__width-inherit elementor-widget elementor-widget-icon-box\" data-id=\"077c2a3\" data-element_type=\"widget\" data-widget_type=\"icon-box.default\">\n\t\t\t\t\t\t\t<div class=\"elementor-icon-box-wrapper\">\n\n\t\t\t\n\t\t\t\t\t\t<div class=\"elementor-icon-box-content\">\n\n\t\t\t\t\t\t\t\t\t<h3 class=\"elementor-icon-box-title\">\n\t\t\t\t\t\t<span  >\n\t\t\t\t\t\t\tDirecci\u00f3n:\t\t\t\t\t\t<\/span>\n\t\t\t\t\t<\/h3>\n\t\t\t\t\n\t\t\t\t\t\t\t\t\t<p class=\"elementor-icon-box-description\">\n\t\t\t\t\t\tRua Jo\u00e3o Baptista de Queiroz Jr., 447, Jardim Myriam, CEP 13098-415, Campinas\/SP, Brasil\t\t\t\t\t<\/p>\n\t\t\t\t\n\t\t\t<\/div>\n\t\t\t\n\t\t<\/div>\n\t\t\t\t\t\t<\/div>\n\t\t\t\t<\/div>\n\t\t\t\t<\/div>\n\t\t\t\t\t<\/div>\n\t\t\t\t<\/div>\n\t\t<div class=\"elementor-element elementor-element-1d1bcf8 google-map-section e-flex e-con-boxed e-con e-parent\" data-id=\"1d1bcf8\" data-element_type=\"container\">\n\t\t\t\t\t<div class=\"e-con-inner\">\n\t\t\t\t<div class=\"elementor-element elementor-element-5063e7e elementor-widget elementor-widget-html\" data-id=\"5063e7e\" data-element_type=\"widget\" data-widget_type=\"html.default\">\n\t\t\t\t\t\n<script>\ndocument.addEventListener(\"DOMContentLoaded\", function () {\n  document.querySelectorAll('.map-alert').forEach((element) => {\n    element.setAttribute('data-href', '#moove_gdpr_cookie_modal');\n  });\n});\n\n<\/script>\t\t\t\t<\/div>\n\t\t\t\t<div class=\"elementor-element elementor-element-d713cd3 map-alert elementor-widget elementor-widget-text-editor\" data-id=\"d713cd3\" data-element_type=\"widget\" data-widget_type=\"text-editor.default\">\n\t\t\t\t\t\t\t\t\tPor favor acepte las cookies para ver el mapa.\t\t\t\t\t\t\t\t<\/div>\n\t\t\t\t\t<\/div>\n\t\t\t\t<\/div>\n\t\t\t\t<\/div>\n\t\t","protected":false},"excerpt":{"rendered":"<p>Contacto Contacto ALIVIRA SA\u00daDE ANIMAL E-mail: contato@alivira.com.br Fax: +55 (19) 3757-1700 Direcci\u00f3n: Rua Jo\u00e3o Baptista de Queiroz Jr., 447, Jardim MyriamCEP 13098-415Campinas\/SPBrasil ALIVIRA SA\u00daDE ANIMAL E-mail: contato@alivira.com.br Tel\u00e9fono: +55 (19) 3757-1700 Direcci\u00f3n: Rua Jo\u00e3o Baptista de Queiroz Jr., 447, Jardim Myriam, CEP 13098-415, Campinas\/SP, Brasil Por favor acepte las cookies para ver el mapa.<\/p>\n","protected":false},"author":1,"featured_media":0,"parent":0,"menu_order":0,"comment_status":"closed","ping_status":"closed","template":"","meta":{"_acf_changed":false,"footnotes":""},"class_list":["post-586","page","type-page","status-publish","hentry"],"acf":[],"yoast_head":"<!-- This site is optimized with the Yoast SEO Premium plugin v24.4 (Yoast SEO v25.9) - https:\/\/yoast.com\/wordpress\/plugins\/seo\/ -->\n<title>CONT\u00c1CTENOS - Alivira Brasil<\/title>\n<meta name=\"robots\" content=\"index, follow, max-snippet:-1, max-image-preview:large, max-video-preview:-1\" \/>\n<link rel=\"canonical\" href=\"https:\/\/alivira.com.br\/es\/contactenos\/\" \/>\n<meta property=\"og:locale\" content=\"es_ES\" \/>\n<meta property=\"og:type\" content=\"article\" \/>\n<meta property=\"og:title\" content=\"CONT\u00c1CTENOS\" \/>\n<meta property=\"og:description\" content=\"Contacto Contacto ALIVIRA SA\u00daDE ANIMAL E-mail: contato@alivira.com.br Fax: +55 (19) 3757-1700 Direcci\u00f3n: Rua Jo\u00e3o Baptista de Queiroz Jr., 447, Jardim MyriamCEP 13098-415Campinas\/SPBrasil ALIVIRA SA\u00daDE ANIMAL E-mail: contato@alivira.com.br Tel\u00e9fono: +55 (19) 3757-1700 Direcci\u00f3n: Rua Jo\u00e3o Baptista de Queiroz Jr., 447, Jardim Myriam, CEP 13098-415, Campinas\/SP, Brasil Por favor acepte las cookies para ver el mapa.\" \/>\n<meta property=\"og:url\" content=\"https:\/\/alivira.com.br\/es\/contactenos\/\" \/>\n<meta property=\"og:site_name\" content=\"Alivira Brasil\" \/>\n<meta property=\"article:publisher\" content=\"https:\/\/www.facebook.com\/alivirabrasil\/\" \/>\n<meta property=\"article:modified_time\" content=\"2025-01-31T11:29:53+00:00\" \/>\n<meta property=\"og:image\" content=\"https:\/\/alivira.com.br\/wp-content\/uploads\/2024\/12\/Alivira-logo-4.png\" \/>\n\t<meta property=\"og:image:width\" content=\"212\" \/>\n\t<meta property=\"og:image:height\" content=\"244\" \/>\n\t<meta property=\"og:image:type\" content=\"image\/png\" \/>\n<meta name=\"twitter:card\" content=\"summary_large_image\" \/>\n<script type=\"application\/ld+json\" class=\"yoast-schema-graph\">{\"@context\":\"https:\/\/schema.org\",\"@graph\":[{\"@type\":\"WebPage\",\"@id\":\"https:\/\/alivira.com.br\/es\/contactenos\/\",\"url\":\"https:\/\/alivira.com.br\/es\/contactenos\/\",\"name\":\"CONT\u00c1CTENOS - Alivira Brasil\",\"isPartOf\":{\"@id\":\"https:\/\/alivira.com.br\/#website\"},\"primaryImageOfPage\":{\"@id\":\"https:\/\/alivira.com.br\/es\/contactenos\/#primaryimage\"},\"image\":{\"@id\":\"https:\/\/alivira.com.br\/es\/contactenos\/#primaryimage\"},\"thumbnailUrl\":\"https:\/\/alivira.com.br\/wp-content\/uploads\/2024\/12\/Alivira-logo-4.png\",\"datePublished\":\"2024-12-19T11:15:02+00:00\",\"dateModified\":\"2025-01-31T11:29:53+00:00\",\"breadcrumb\":{\"@id\":\"https:\/\/alivira.com.br\/es\/contactenos\/#breadcrumb\"},\"inLanguage\":\"es\",\"potentialAction\":[{\"@type\":\"ReadAction\",\"target\":[\"https:\/\/alivira.com.br\/es\/contactenos\/\"]}]},{\"@type\":\"ImageObject\",\"inLanguage\":\"es\",\"@id\":\"https:\/\/alivira.com.br\/es\/contactenos\/#primaryimage\",\"url\":\"https:\/\/alivira.com.br\/wp-content\/uploads\/2024\/12\/Alivira-logo-4.png\",\"contentUrl\":\"https:\/\/alivira.com.br\/wp-content\/uploads\/2024\/12\/Alivira-logo-4.png\"},{\"@type\":\"BreadcrumbList\",\"@id\":\"https:\/\/alivira.com.br\/es\/contactenos\/#breadcrumb\",\"itemListElement\":[{\"@type\":\"ListItem\",\"position\":1,\"name\":\"Home\",\"item\":\"https:\/\/alivira.com.br\/\"},{\"@type\":\"ListItem\",\"position\":2,\"name\":\"CONT\u00c1CTENOS\"}]},{\"@type\":\"WebSite\",\"@id\":\"https:\/\/alivira.com.br\/#website\",\"url\":\"https:\/\/alivira.com.br\/\",\"name\":\"Alivira Brazil\",\"description\":\"\",\"publisher\":{\"@id\":\"https:\/\/alivira.com.br\/#organization\"},\"potentialAction\":[{\"@type\":\"SearchAction\",\"target\":{\"@type\":\"EntryPoint\",\"urlTemplate\":\"https:\/\/alivira.com.br\/?s={search_term_string}\"},\"query-input\":{\"@type\":\"PropertyValueSpecification\",\"valueRequired\":true,\"valueName\":\"search_term_string\"}}],\"inLanguage\":\"es\"},{\"@type\":\"Organization\",\"@id\":\"https:\/\/alivira.com.br\/#organization\",\"name\":\"Alivira Brazil\",\"alternateName\":\"Alivira\",\"url\":\"https:\/\/alivira.com.br\/\",\"logo\":{\"@type\":\"ImageObject\",\"inLanguage\":\"es\",\"@id\":\"https:\/\/alivira.com.br\/#\/schema\/logo\/image\/\",\"url\":\"https:\/\/alivira.com.br\/wp-content\/uploads\/2025\/01\/Alivira-logo-4-1.png\",\"contentUrl\":\"https:\/\/alivira.com.br\/wp-content\/uploads\/2025\/01\/Alivira-logo-4-1.png\",\"width\":212,\"height\":244,\"caption\":\"Alivira Brazil\"},\"image\":{\"@id\":\"https:\/\/alivira.com.br\/#\/schema\/logo\/image\/\"},\"sameAs\":[\"https:\/\/www.facebook.com\/alivirabrasil\/\",\"https:\/\/www.instagram.com\/alivirabrasil\/\",\"https:\/\/br.linkedin.com\/company\/alivirabrasil\"]}]}<\/script>\n<!-- \/ Yoast SEO Premium plugin. -->","yoast_head_json":{"title":"CONT\u00c1CTENOS - Alivira Brasil","robots":{"index":"index","follow":"follow","max-snippet":"max-snippet:-1","max-image-preview":"max-image-preview:large","max-video-preview":"max-video-preview:-1"},"canonical":"https:\/\/alivira.com.br\/es\/contactenos\/","og_locale":"es_ES","og_type":"article","og_title":"CONT\u00c1CTENOS","og_description":"Contacto Contacto ALIVIRA SA\u00daDE ANIMAL E-mail: contato@alivira.com.br Fax: +55 (19) 3757-1700 Direcci\u00f3n: Rua Jo\u00e3o Baptista de Queiroz Jr., 447, Jardim MyriamCEP 13098-415Campinas\/SPBrasil ALIVIRA SA\u00daDE ANIMAL E-mail: contato@alivira.com.br Tel\u00e9fono: +55 (19) 3757-1700 Direcci\u00f3n: Rua Jo\u00e3o Baptista de Queiroz Jr., 447, Jardim Myriam, CEP 13098-415, Campinas\/SP, Brasil Por favor acepte las cookies para ver el mapa.","og_url":"https:\/\/alivira.com.br\/es\/contactenos\/","og_site_name":"Alivira Brasil","article_publisher":"https:\/\/www.facebook.com\/alivirabrasil\/","article_modified_time":"2025-01-31T11:29:53+00:00","og_image":[{"width":212,"height":244,"url":"https:\/\/alivira.com.br\/wp-content\/uploads\/2024\/12\/Alivira-logo-4.png","type":"image\/png"}],"twitter_card":"summary_large_image","schema":{"@context":"https:\/\/schema.org","@graph":[{"@type":"WebPage","@id":"https:\/\/alivira.com.br\/es\/contactenos\/","url":"https:\/\/alivira.com.br\/es\/contactenos\/","name":"CONT\u00c1CTENOS - Alivira Brasil","isPartOf":{"@id":"https:\/\/alivira.com.br\/#website"},"primaryImageOfPage":{"@id":"https:\/\/alivira.com.br\/es\/contactenos\/#primaryimage"},"image":{"@id":"https:\/\/alivira.com.br\/es\/contactenos\/#primaryimage"},"thumbnailUrl":"https:\/\/alivira.com.br\/wp-content\/uploads\/2024\/12\/Alivira-logo-4.png","datePublished":"2024-12-19T11:15:02+00:00","dateModified":"2025-01-31T11:29:53+00:00","breadcrumb":{"@id":"https:\/\/alivira.com.br\/es\/contactenos\/#breadcrumb"},"inLanguage":"es","potentialAction":[{"@type":"ReadAction","target":["https:\/\/alivira.com.br\/es\/contactenos\/"]}]},{"@type":"ImageObject","inLanguage":"es","@id":"https:\/\/alivira.com.br\/es\/contactenos\/#primaryimage","url":"https:\/\/alivira.com.br\/wp-content\/uploads\/2024\/12\/Alivira-logo-4.png","contentUrl":"https:\/\/alivira.com.br\/wp-content\/uploads\/2024\/12\/Alivira-logo-4.png"},{"@type":"BreadcrumbList","@id":"https:\/\/alivira.com.br\/es\/contactenos\/#breadcrumb","itemListElement":[{"@type":"ListItem","position":1,"name":"Home","item":"https:\/\/alivira.com.br\/"},{"@type":"ListItem","position":2,"name":"CONT\u00c1CTENOS"}]},{"@type":"WebSite","@id":"https:\/\/alivira.com.br\/#website","url":"https:\/\/alivira.com.br\/","name":"Alivira Brazil","description":"","publisher":{"@id":"https:\/\/alivira.com.br\/#organization"},"potentialAction":[{"@type":"SearchAction","target":{"@type":"EntryPoint","urlTemplate":"https:\/\/alivira.com.br\/?s={search_term_string}"},"query-input":{"@type":"PropertyValueSpecification","valueRequired":true,"valueName":"search_term_string"}}],"inLanguage":"es"},{"@type":"Organization","@id":"https:\/\/alivira.com.br\/#organization","name":"Alivira Brazil","alternateName":"Alivira","url":"https:\/\/alivira.com.br\/","logo":{"@type":"ImageObject","inLanguage":"es","@id":"https:\/\/alivira.com.br\/#\/schema\/logo\/image\/","url":"https:\/\/alivira.com.br\/wp-content\/uploads\/2025\/01\/Alivira-logo-4-1.png","contentUrl":"https:\/\/alivira.com.br\/wp-content\/uploads\/2025\/01\/Alivira-logo-4-1.png","width":212,"height":244,"caption":"Alivira Brazil"},"image":{"@id":"https:\/\/alivira.com.br\/#\/schema\/logo\/image\/"},"sameAs":["https:\/\/www.facebook.com\/alivirabrasil\/","https:\/\/www.instagram.com\/alivirabrasil\/","https:\/\/br.linkedin.com\/company\/alivirabrasil"]}]}},"_links":{"self":[{"href":"https:\/\/alivira.com.br\/es\/wp-json\/wp\/v2\/pages\/586","targetHints":{"allow":["GET"]}}],"collection":[{"href":"https:\/\/alivira.com.br\/es\/wp-json\/wp\/v2\/pages"}],"about":[{"href":"https:\/\/alivira.com.br\/es\/wp-json\/wp\/v2\/types\/page"}],"author":[{"embeddable":true,"href":"https:\/\/alivira.com.br\/es\/wp-json\/wp\/v2\/users\/1"}],"replies":[{"embeddable":true,"href":"https:\/\/alivira.com.br\/es\/wp-json\/wp\/v2\/comments?post=586"}],"version-history":[{"count":0,"href":"https:\/\/alivira.com.br\/es\/wp-json\/wp\/v2\/pages\/586\/revisions"}],"wp:attachment":[{"href":"https:\/\/alivira.com.br\/es\/wp-json\/wp\/v2\/media?parent=586"}],"curies":[{"name":"wp","href":"https:\/\/api.w.org\/{rel}","templated":true}]}}